
{"id":38014,"date":"2024-03-03T12:09:33","date_gmt":"2024-03-03T11:09:33","guid":{"rendered":"https:\/\/chouette-gobe.ch\/?page_id=38014"},"modified":"2024-03-03T16:49:53","modified_gmt":"2024-03-03T15:49:53","slug":"xyz-ics-preview-page-2-2","status":"publish","type":"page","link":"https:\/\/chouette-gobe.ch\/?page_id=38014","title":{"rendered":"Charte comportementale et photographique &#8211; ID 38014"},"content":{"rendered":"<p>[et_pb_section fb_built=\u00a0\u00bb1&Prime; _builder_version=\u00a0\u00bb4.24.2&Prime; _module_preset=\u00a0\u00bbdefault\u00a0\u00bb global_colors_info=\u00a0\u00bb{}\u00a0\u00bb][et_pb_row _builder_version=\u00a0\u00bb4.24.2&Prime; _module_preset=\u00a0\u00bbdefault\u00a0\u00bb global_colors_info=\u00a0\u00bb{}\u00a0\u00bb][et_pb_column type=\u00a0\u00bb4_4&Prime; _builder_version=\u00a0\u00bb4.24.2&Prime; _module_preset=\u00a0\u00bbdefault\u00a0\u00bb global_colors_info=\u00a0\u00bb{}\u00a0\u00bb][et_pb_text admin_label=\u00a0\u00bbCharte comportementale\u00a0\u00bb module_id=\u00a0\u00bbconsentement\u00a0\u00bb _builder_version=\u00a0\u00bb4.24.2&Prime; _module_preset=\u00a0\u00bbdefault\u00a0\u00bb locked=\u00a0\u00bboff\u00a0\u00bb global_colors_info=\u00a0\u00bb{}\u00a0\u00bb]<\/p>\n<h1 style=\"text-align: center;\">Charte comportementale et photographique<\/h1>\n<h2>Pr\u00e9ambule:<\/h2>\n<p>Le GOBE concentre ses activit\u00e9s sur des esp\u00e8ces particuli\u00e8rement vuln\u00e9rables, et les r\u00e9sultats positifs sur la protection des oiseaux en question ne doivent pas \u00eatre mis \u00e0 mal par des comportements inadapt\u00e9s.<\/p>\n<p>Le but de cette charte est de cadrer le comportement des participants aux diff\u00e9rentes sorties organis\u00e9es par le GOBE et notamment en ce qui concerne l\u2019utilisation des photographies prises au cours de ces \u00e9v\u00e9nements.<\/p>\n<p><strong>En s&rsquo;inscrivant aux sorties du GOBE, les participants s\u2019engagent sur l\u2019honneur \u00e0 respecter tous les points de la charte. Tout abus ou d\u00e9rive sera sanctionn\u00e9, au minimum, par une radiation du GOBE.<\/strong><\/p>\n<h2>Charte :<\/h2>\n<ul>\n<li>Le respect de la tranquillit\u00e9 des oiseaux lors des op\u00e9rations de contr\u00f4le et de baguage est capital.<\/li>\n<li>Les enfants en dessous de 16 ans sont sous la responsabilit\u00e9 exclusive de leurs parents et ne doivent pas d\u00e9ranger le bon d\u00e9roulement des sorties \/ interventions.<\/li>\n<li>Les chiens ne sont pas admis aux sorties.<\/li>\n<li>Les sites visit\u00e9s ne seront pas divulgu\u00e9s \u00e0 des tiers sauf autorisation pr\u00e9alable du comit\u00e9.<\/li>\n<li>Les participants ne retournent pas sur les sites de nidification des esp\u00e8ces \u00e9tudi\u00e9es par le GOBE de leur propre initiative sans un membre du comit\u00e9.<\/li>\n<li>La manipulation des oiseaux est r\u00e9serv\u00e9e aux membres form\u00e9s.<\/li>\n<li>Les photographies d\u2019oiseaux prises sur les sites visit\u00e9s par le GOBE ne doivent en aucun cas \u00eatre post\u00e9es sur les r\u00e9seaux sociaux de tout type (WhatsApp, Instagram, Twitter, Flickr, Facebook, TikTok, etc.) ainsi que sur quelconque sites internet \u00e0 l&rsquo;exception de celui du GOBE.<\/li>\n<\/ul>\n<p>De plus, le GOBE \u00e9tant une section locale de BirdLife Suisse, les membres s\u2019engagent \u00e9galement \u00e0 respecter le document : <a href=\"https:\/\/www.birdlife.ch\/sites\/default\/files\/documents\/Beobachten_und_fotografieren_F_2018.pdf\">Observer et photographier les oiseaux de mani\u00e8re responsable.<\/a><\/p>\n<p style=\"text-align: right;\">Janvier 2023<\/p>\n<p>[\/et_pb_text][\/et_pb_column][\/et_pb_row][\/et_pb_section]<\/p>\n","protected":false},"excerpt":{"rendered":"<p>Charte comportementale et photographique Pr\u00e9ambule: Le GOBE concentre ses activit\u00e9s sur des esp\u00e8ces particuli\u00e8rement vuln\u00e9rables, et les r\u00e9sultats positifs sur la protection des oiseaux en question ne doivent pas \u00eatre mis \u00e0 mal par des comportements inadapt\u00e9s. Le but de cette charte est de cadrer le comportement des participants aux diff\u00e9rentes sorties organis\u00e9es par le [&hellip;]<\/p>\n","protected":false},"author":1,"featured_media":0,"parent":0,"menu_order":0,"comment_status":"closed","ping_status":"closed","template":"","meta":{"_et_pb_use_builder":"on","_et_pb_old_content":"","_et_gb_content_width":"","footnotes":""},"class_list":["post-38014","page","type-page","status-publish","hentry"],"_links":{"self":[{"href":"https:\/\/chouette-gobe.ch\/index.php?rest_route=\/wp\/v2\/pages\/38014","targetHints":{"allow":["GET"]}}],"collection":[{"href":"https:\/\/chouette-gobe.ch\/index.php?rest_route=\/wp\/v2\/pages"}],"about":[{"href":"https:\/\/chouette-gobe.ch\/index.php?rest_route=\/wp\/v2\/types\/page"}],"author":[{"embeddable":true,"href":"https:\/\/chouette-gobe.ch\/index.php?rest_route=\/wp\/v2\/users\/1"}],"replies":[{"embeddable":true,"href":"https:\/\/chouette-gobe.ch\/index.php?rest_route=%2Fwp%2Fv2%2Fcomments&post=38014"}],"version-history":[{"count":6,"href":"https:\/\/chouette-gobe.ch\/index.php?rest_route=\/wp\/v2\/pages\/38014\/revisions"}],"predecessor-version":[{"id":38052,"href":"https:\/\/chouette-gobe.ch\/index.php?rest_route=\/wp\/v2\/pages\/38014\/revisions\/38052"}],"wp:attachment":[{"href":"https:\/\/chouette-gobe.ch\/index.php?rest_route=%2Fwp%2Fv2%2Fmedia&parent=38014"}],"curies":[{"name":"wp","href":"https:\/\/api.w.org\/{rel}","templated":true}]}}