
{"id":38008,"date":"2024-03-03T11:59:19","date_gmt":"2024-03-03T10:59:19","guid":{"rendered":"https:\/\/chouette-gobe.ch\/?page_id=38008"},"modified":"2024-03-03T11:59:23","modified_gmt":"2024-03-03T10:59:23","slug":"xyz-ics-preview-page-2","status":"publish","type":"page","link":"https:\/\/chouette-gobe.ch\/?page_id=38008","title":{"rendered":"Conditions de participation &#8211; ID 38008"},"content":{"rendered":"<p>[et_pb_section fb_built=\u00a0\u00bb1&Prime; _builder_version=\u00a0\u00bb4.24.2&Prime; _module_preset=\u00a0\u00bbdefault\u00a0\u00bb global_colors_info=\u00a0\u00bb{}\u00a0\u00bb][et_pb_row _builder_version=\u00a0\u00bb4.24.2&Prime; _module_preset=\u00a0\u00bbdefault\u00a0\u00bb global_colors_info=\u00a0\u00bb{}\u00a0\u00bb][et_pb_column type=\u00a0\u00bb4_4&Prime; _builder_version=\u00a0\u00bb4.24.2&Prime; _module_preset=\u00a0\u00bbdefault\u00a0\u00bb global_colors_info=\u00a0\u00bb{}\u00a0\u00bb][et_pb_text admin_label=\u00a0\u00bbConditions de participation\u00a0\u00bb module_id=\u00a0\u00bbconsentement\u00a0\u00bb _builder_version=\u00a0\u00bb4.24.2&Prime; _module_preset=\u00a0\u00bbdefault\u00a0\u00bb hover_enabled=\u00a0\u00bb0&Prime; locked=\u00a0\u00bboff\u00a0\u00bb global_colors_info=\u00a0\u00bb{}\u00a0\u00bb sticky_enabled=\u00a0\u00bb0&Prime;]<\/p>\n<h2>Conditions de participation aux activit\u00e9s\/sorties<\/h2>\n<p>Les activit\u00e9s\/sorties organis\u00e9es par le Gobe sont programm\u00e9es chaque ann\u00e9e entre mars et mi-juin.<\/p>\n<p>Il s\u2019agit d\u2019un travail de protection et d\u2019\u00e9tude qui n\u00e9cessite de nombreuses pr\u00e9cautions afin de minimiser au maximum le d\u00e9rangement. Il est \u00e9galement essentiel pour la survie des oiseaux sauvages d\u2019\u00e9viter les grands groupes d\u2019observateurs pr\u00e8s des nids, car cela attire in\u00e9vitablement les pr\u00e9dateurs. L\u2019int\u00e9r\u00eat des oiseaux est donc clairement prioritaire.<\/p>\n<p>La participation aux sorties est donc r\u00e9serv\u00e9e aux membres du GOBE, \u00e0 l\u2019exception de certaines occasions o\u00f9 ces activit\u00e9s sont ouvertes au public, mais dans des conditions strictement contr\u00f4l\u00e9es. Pour chacune de ces sorties, l\u2019inscription par le site est n\u00e9cessaire aupr\u00e8s du responsable. En cas d\u2019affluence, nous pouvons \u00eatre amen\u00e9s \u00e0 refuser des inscriptions.<\/p>\n<p>En effet, l\u2019acc\u00e8s aux nichoirs et cavit\u00e9s est souvent peu ais\u00e9 et le nombre de v\u00e9hicules doit \u00eatre limit\u00e9. Il est donc n\u00e9cessaire pour toutes les personnes inscrites de participer \u00e0 la totalit\u00e9 de la sortie. Nous n\u2019acceptons pas de pr\u00e9sences partielles et des d\u00e9parts anticip\u00e9s impliquant des d\u00e9tours pour l\u2019\u00e9quipe ou un v\u00e9hicule suppl\u00e9mentaire.<\/p>\n<p>D\u2019autre part, les nichoirs \u00e0 faucons cr\u00e9cerelles et effraies des clochers sont toujours situ\u00e9s dans des fermes chez des priv\u00e9s. Nous ne pouvons donc pas nous permettre d\u2019arriver avec de nombreux v\u00e9hicules.<\/p>\n<p>Les sorties sont en g\u00e9n\u00e9ral pr\u00e9vues le samedi durant toute la journ\u00e9e dans le Jura vaudois.<br \/>Pr\u00e9voyez la subsistance ainsi qu\u2019un \u00e9quipement adapt\u00e9 \u00e0 tous les types de temps.<br \/>Les assurances incombent aux participants. Nous d\u00e9clinons toute responsabilit\u00e9 en cas d\u2019accident ou de tout autre dommage.<br \/><strong>Les enfants sont&nbsp; parfois accept\u00e9s, uniquement sous l\u2019unique responsabilit\u00e9 de leurs parents<\/strong>.<\/p>\n<p>[\/et_pb_text][\/et_pb_column][\/et_pb_row][\/et_pb_section]<\/p>\n","protected":false},"excerpt":{"rendered":"<p>Conditions de participation aux activit\u00e9s\/sorties Les activit\u00e9s\/sorties organis\u00e9es par le Gobe sont programm\u00e9es chaque ann\u00e9e entre mars et mi-juin. Il s\u2019agit d\u2019un travail de protection et d\u2019\u00e9tude qui n\u00e9cessite de nombreuses pr\u00e9cautions afin de minimiser au maximum le d\u00e9rangement. Il est \u00e9galement essentiel pour la survie des oiseaux sauvages d\u2019\u00e9viter les grands groupes d\u2019observateurs pr\u00e8s [&hellip;]<\/p>\n","protected":false},"author":1,"featured_media":0,"parent":0,"menu_order":0,"comment_status":"closed","ping_status":"closed","template":"","meta":{"_et_pb_use_builder":"on","_et_pb_old_content":"","_et_gb_content_width":"","footnotes":""},"class_list":["post-38008","page","type-page","status-publish","hentry"],"_links":{"self":[{"href":"https:\/\/chouette-gobe.ch\/index.php?rest_route=\/wp\/v2\/pages\/38008","targetHints":{"allow":["GET"]}}],"collection":[{"href":"https:\/\/chouette-gobe.ch\/index.php?rest_route=\/wp\/v2\/pages"}],"about":[{"href":"https:\/\/chouette-gobe.ch\/index.php?rest_route=\/wp\/v2\/types\/page"}],"author":[{"embeddable":true,"href":"https:\/\/chouette-gobe.ch\/index.php?rest_route=\/wp\/v2\/users\/1"}],"replies":[{"embeddable":true,"href":"https:\/\/chouette-gobe.ch\/index.php?rest_route=%2Fwp%2Fv2%2Fcomments&post=38008"}],"version-history":[{"count":3,"href":"https:\/\/chouette-gobe.ch\/index.php?rest_route=\/wp\/v2\/pages\/38008\/revisions"}],"predecessor-version":[{"id":38012,"href":"https:\/\/chouette-gobe.ch\/index.php?rest_route=\/wp\/v2\/pages\/38008\/revisions\/38012"}],"wp:attachment":[{"href":"https:\/\/chouette-gobe.ch\/index.php?rest_route=%2Fwp%2Fv2%2Fmedia&parent=38008"}],"curies":[{"name":"wp","href":"https:\/\/api.w.org\/{rel}","templated":true}]}}