
{"id":36065,"date":"2024-02-29T16:44:43","date_gmt":"2024-02-29T15:44:43","guid":{"rendered":"https:\/\/chouette-gobe.ch\/?page_id=36065"},"modified":"2024-02-29T17:22:16","modified_gmt":"2024-02-29T16:22:16","slug":"xyz-ics-preview-page","status":"publish","type":"page","link":"https:\/\/chouette-gobe.ch\/?page_id=36065","title":{"rendered":"D\u00e9claration de consentement &#8211; ID 36065"},"content":{"rendered":"<p>[et_pb_section fb_built=\u00a0\u00bb1&Prime; _builder_version=\u00a0\u00bb4.24.2&Prime; _module_preset=\u00a0\u00bbdefault\u00a0\u00bb global_colors_info=\u00a0\u00bb{}\u00a0\u00bb][et_pb_row _builder_version=\u00a0\u00bb4.24.2&Prime; _module_preset=\u00a0\u00bbdefault\u00a0\u00bb hover_enabled=\u00a0\u00bb0&Prime; global_colors_info=\u00a0\u00bb{}\u00a0\u00bb sticky_enabled=\u00a0\u00bb0&Prime;][et_pb_column type=\u00a0\u00bb4_4&Prime; _builder_version=\u00a0\u00bb4.24.2&Prime; _module_preset=\u00a0\u00bbdefault\u00a0\u00bb global_colors_info=\u00a0\u00bb{}\u00a0\u00bb][et_pb_text admin_label=\u00a0\u00bbD\u00e9claration de consentement\u00a0\u00bb module_id=\u00a0\u00bbconsentement\u00a0\u00bb _builder_version=\u00a0\u00bb4.24.2&Prime; _module_preset=\u00a0\u00bbdefault\u00a0\u00bb locked=\u00a0\u00bboff\u00a0\u00bb global_colors_info=\u00a0\u00bb{}\u00a0\u00bb]<\/p>\n<h1 style=\"text-align: center;\">D\u00e9claration de consentement<\/h1>\n<p>J&rsquo;accepte que des photos et\/ou des vid\u00e9os de moi soient prises dans le cadre de ma participation aux activit\u00e9s de l&rsquo;association et qu&rsquo;elles soient utilis\u00e9es pour la publication :<\/p>\n<ul>\n<li>sur le site internet de l\u2019association<\/li>\n<li>dans des publications (imprim\u00e9es) de l\u2019association<\/li>\n<li>dans la presse locale<\/li>\n<\/ul>\n<p>et \u00e9galement sauvegard\u00e9es \u00e0 cette fin. Les photos et\/ou vid\u00e9os servent exclusivement aux relations publiques.<\/p>\n<p>Je suis conscient\u00b7e que des photos et\/ou des vid\u00e9os peuvent \u00eatre consult\u00e9es sur internet par n&rsquo;importe quelle personne. Malgr\u00e9 toutes les pr\u00e9cautions techniques prises, il ne peut \u00eatre exclu que les photos et\/ou vid\u00e9os puissent \u00eatre r\u00e9utilis\u00e9es par des tiers ou transmises \u00e0 d&rsquo;autres personnes.<\/p>\n<p>Cette d\u00e9claration de consentement est volontaire et peut \u00eatre r\u00e9voqu\u00e9e \u00e0 tout moment avec effet pour l&rsquo;avenir. Si les enregistrements sont disponibles sur internet, ils seront supprim\u00e9s dans la mesure o\u00f9 cela est possible pour l&rsquo;association.<\/p>\n<p>[\/et_pb_text][\/et_pb_column][\/et_pb_row][\/et_pb_section]<\/p>\n","protected":false},"excerpt":{"rendered":"<p>D\u00e9claration de consentement J&rsquo;accepte que des photos et\/ou des vid\u00e9os de moi soient prises dans le cadre de ma participation aux activit\u00e9s de l&rsquo;association et qu&rsquo;elles soient utilis\u00e9es pour la publication : sur le site internet de l\u2019association dans des publications (imprim\u00e9es) de l\u2019association dans la presse locale et \u00e9galement sauvegard\u00e9es \u00e0 cette fin. Les [&hellip;]<\/p>\n","protected":false},"author":1,"featured_media":0,"parent":0,"menu_order":0,"comment_status":"closed","ping_status":"closed","template":"","meta":{"_et_pb_use_builder":"on","_et_pb_old_content":"","_et_gb_content_width":"","footnotes":""},"class_list":["post-36065","page","type-page","status-publish","hentry"],"_links":{"self":[{"href":"https:\/\/chouette-gobe.ch\/index.php?rest_route=\/wp\/v2\/pages\/36065","targetHints":{"allow":["GET"]}}],"collection":[{"href":"https:\/\/chouette-gobe.ch\/index.php?rest_route=\/wp\/v2\/pages"}],"about":[{"href":"https:\/\/chouette-gobe.ch\/index.php?rest_route=\/wp\/v2\/types\/page"}],"author":[{"embeddable":true,"href":"https:\/\/chouette-gobe.ch\/index.php?rest_route=\/wp\/v2\/users\/1"}],"replies":[{"embeddable":true,"href":"https:\/\/chouette-gobe.ch\/index.php?rest_route=%2Fwp%2Fv2%2Fcomments&post=36065"}],"version-history":[{"count":5,"href":"https:\/\/chouette-gobe.ch\/index.php?rest_route=\/wp\/v2\/pages\/36065\/revisions"}],"predecessor-version":[{"id":37952,"href":"https:\/\/chouette-gobe.ch\/index.php?rest_route=\/wp\/v2\/pages\/36065\/revisions\/37952"}],"wp:attachment":[{"href":"https:\/\/chouette-gobe.ch\/index.php?rest_route=%2Fwp%2Fv2%2Fmedia&parent=36065"}],"curies":[{"name":"wp","href":"https:\/\/api.w.org\/{rel}","templated":true}]}}