
{"id":349,"date":"2017-08-03T17:06:48","date_gmt":"2017-08-03T15:06:48","guid":{"rendered":"http:\/\/gobe.rompat.ch\/?page_id=349"},"modified":"2022-02-08T10:01:28","modified_gmt":"2022-02-08T09:01:28","slug":"liens","status":"publish","type":"page","link":"https:\/\/chouette-gobe.ch\/?page_id=349","title":{"rendered":"Liens &#8211; 349"},"content":{"rendered":"<p>[et_pb_section fb_built=\u00a0\u00bb1&Prime; _builder_version=\u00a0\u00bb3.22&Prime; global_colors_info=\u00a0\u00bb{}\u00a0\u00bb][et_pb_row _builder_version=\u00a0\u00bb3.25&Prime; background_size=\u00a0\u00bbinitial\u00a0\u00bb background_position=\u00a0\u00bbtop_left\u00a0\u00bb background_repeat=\u00a0\u00bbrepeat\u00a0\u00bb global_colors_info=\u00a0\u00bb{}\u00a0\u00bb][et_pb_column type=\u00a0\u00bb4_4&Prime; _builder_version=\u00a0\u00bb3.25&Prime; custom_padding=\u00a0\u00bb|||\u00a0\u00bb global_colors_info=\u00a0\u00bb{}\u00a0\u00bb custom_padding__hover=\u00a0\u00bb|||\u00a0\u00bb][et_pb_text _builder_version=\u00a0\u00bb4.14.7&Prime; hover_enabled=\u00a0\u00bb0&Prime; z_index_tablet=\u00a0\u00bb500&Prime; text_text_shadow_horizontal_length_tablet=\u00a0\u00bb0px\u00a0\u00bb text_text_shadow_vertical_length_tablet=\u00a0\u00bb0px\u00a0\u00bb text_text_shadow_blur_strength_tablet=\u00a0\u00bb1px\u00a0\u00bb link_text_shadow_horizontal_length_tablet=\u00a0\u00bb0px\u00a0\u00bb link_text_shadow_vertical_length_tablet=\u00a0\u00bb0px\u00a0\u00bb link_text_shadow_blur_strength_tablet=\u00a0\u00bb1px\u00a0\u00bb ul_text_shadow_horizontal_length_tablet=\u00a0\u00bb0px\u00a0\u00bb ul_text_shadow_vertical_length_tablet=\u00a0\u00bb0px\u00a0\u00bb ul_text_shadow_blur_strength_tablet=\u00a0\u00bb1px\u00a0\u00bb ol_text_shadow_horizontal_length_tablet=\u00a0\u00bb0px\u00a0\u00bb ol_text_shadow_vertical_length_tablet=\u00a0\u00bb0px\u00a0\u00bb ol_text_shadow_blur_strength_tablet=\u00a0\u00bb1px\u00a0\u00bb quote_text_shadow_horizontal_length_tablet=\u00a0\u00bb0px\u00a0\u00bb quote_text_shadow_vertical_length_tablet=\u00a0\u00bb0px\u00a0\u00bb quote_text_shadow_blur_strength_tablet=\u00a0\u00bb1px\u00a0\u00bb header_text_shadow_horizontal_length_tablet=\u00a0\u00bb0px\u00a0\u00bb header_text_shadow_vertical_length_tablet=\u00a0\u00bb0px\u00a0\u00bb header_text_shadow_blur_strength_tablet=\u00a0\u00bb1px\u00a0\u00bb header_2_text_shadow_horizontal_length_tablet=\u00a0\u00bb0px\u00a0\u00bb header_2_text_shadow_vertical_length_tablet=\u00a0\u00bb0px\u00a0\u00bb header_2_text_shadow_blur_strength_tablet=\u00a0\u00bb1px\u00a0\u00bb header_3_text_shadow_horizontal_length_tablet=\u00a0\u00bb0px\u00a0\u00bb header_3_text_shadow_vertical_length_tablet=\u00a0\u00bb0px\u00a0\u00bb header_3_text_shadow_blur_strength_tablet=\u00a0\u00bb1px\u00a0\u00bb header_4_text_shadow_horizontal_length_tablet=\u00a0\u00bb0px\u00a0\u00bb header_4_text_shadow_vertical_length_tablet=\u00a0\u00bb0px\u00a0\u00bb header_4_text_shadow_blur_strength_tablet=\u00a0\u00bb1px\u00a0\u00bb header_5_text_shadow_horizontal_length_tablet=\u00a0\u00bb0px\u00a0\u00bb header_5_text_shadow_vertical_length_tablet=\u00a0\u00bb0px\u00a0\u00bb header_5_text_shadow_blur_strength_tablet=\u00a0\u00bb1px\u00a0\u00bb header_6_text_shadow_horizontal_length_tablet=\u00a0\u00bb0px\u00a0\u00bb header_6_text_shadow_vertical_length_tablet=\u00a0\u00bb0px\u00a0\u00bb header_6_text_shadow_blur_strength_tablet=\u00a0\u00bb1px\u00a0\u00bb box_shadow_horizontal_tablet=\u00a0\u00bb0px\u00a0\u00bb box_shadow_vertical_tablet=\u00a0\u00bb0px\u00a0\u00bb box_shadow_blur_tablet=\u00a0\u00bb40px\u00a0\u00bb box_shadow_spread_tablet=\u00a0\u00bb0px\u00a0\u00bb global_colors_info=\u00a0\u00bb{}\u00a0\u00bb sticky_enabled=\u00a0\u00bb0&Prime;]<\/p>\n<div class=\"liens\">\n<p class=\"titre_lien\"><strong>COSNY<\/strong>&nbsp;<em><a href=\"https:\/\/www.cosny.ch\/\">https:\/\/www.cosny.ch\/<\/a><\/em><\/p>\n<p class=\"titre_lien\">Site du Cercle Ornithologique et de Sciences naturelles d&rsquo;Yverdon.<\/p>\n<\/div>\n<hr>\n<div class=\"liens\">\n<p class=\"titre_lien\"><strong>BirdLife<\/strong> <a href=\"https:\/\/www.birdlife.ch\">https:\/\/www.birdlife.ch<\/a><\/p>\n<p class=\"titre_lien\">BirdLife Suisse travaille aux niveaux local, r\u00e9gional, national et international. Elle est la partenaire de BirdLife International et collabore avec de nombreux partenaires.<\/p>\n<p class=\"titre_lien\">Les 440 soci\u00e9t\u00e9s locales constituent la cl\u00e9 de vo\u00fbte de la structure de BirdLife Suisse. Les 18 associations cantonales et les 2 organisations nationales coordonnent le travail de leurs sections communales et r\u00e9alisent leurs propres projets. BirdLife Suisse organise les campagnes nationales et joue le r\u00f4le de centre d&rsquo;information.<\/p>\n<\/div>\n<hr>\n<div class=\"liens\">\n<p class=\"titre_lien\"><strong>Natures.ch<\/strong>&nbsp;<em><a href=\"https:\/\/www.natures.ch\/\">https:\/\/www.natures.ch\/<\/a><\/em><\/p>\n<p class=\"titre_lien\">Portail regroupant une grande partie des associations, cercles et soci\u00e9t\u00e9s scientifiques romandes dans le domaine de la nature. On y trouve les annonces de sorties, des galeries photos, bref, pleins de bonnes choses!<\/p>\n<\/div>\n<hr>\n<div class=\"liens\">\n<p class=\"titre_lien\"><strong>Nos Oiseaux<\/strong>&nbsp;<em><a href=\"https:\/\/www.nosoiseaux.ch\/\">https:\/\/www.nosoiseaux.ch<\/a><\/em><\/p>\n<p class=\"titre_lien\">Nos Oiseaux oeuvre depuis 1913 pour l&rsquo;\u00e9tude et la protection des oiseaux en Suisse romande. Par sa revue trimestrielle et ses activit\u00e9s sur le terrain, Nos Oiseaux a notamment pour t\u00e2che la formation du plus grand nombre \u00e0 l&rsquo;ornithologie, en particulier les jeunes observateurs r\u00e9unis en son \u00abGroupe des Jeunes\u00bb.<\/p>\n<\/div>\n<hr>\n<div class=\"liens\">\n<p class=\"titre_lien\"><strong>Ornitho<\/strong>&nbsp;<em><a href=\"https:\/\/www.ornitho.ch\/\">https:\/\/www.ornitho.ch<\/a><\/em><\/p>\n<p class=\"titre_lien\">Site de saisie d&rsquo;observations ornithologiques&nbsp;et faunistiques<b> <\/b> en Suisse<\/p>\n<\/div>\n<hr>\n<div class=\"liens\">\n<p class=\"titre_lien\"><strong>Ornithomedia<\/strong>&nbsp;<em><a href=\"https:\/\/www.ornithomedia.com\/\">https:\/\/www.ornithomedia.com<\/a><\/em><\/p>\n<p class=\"titre_lien\">Site francophone centralisant des informations sur l&rsquo;avifaune. Forums pouvant \u00eatre utiles<\/p>\n<hr>\n<div class=\"liens\">\n<p class=\"titre_lien\"><strong>SORBUS<\/strong> <a href=\"https:\/\/www.sorbus-oiseaux.ch\/\"><em>https:\/\/www.sorbus-oiseaux.ch<\/em>\/<\/a><\/p>\n<p class=\"titre_lien\">Sauvegarde des Oiseaux Rares et de la Biodiversit\u00e9 Utile \u00e0 leur Survie&nbsp;<\/p>\n<p class=\"titre_lien\">L&rsquo;association fond\u00e9e en 2004, SORBUS a pour but de promouvoir la sauvegarde des oiseaux forestiers menac\u00e9s. Les premi\u00e8res actions sont men\u00e9es en Suisse, et plus sp\u00e9cifiquement dans le Jura, pour le maintien d\u2019esp\u00e8ces telles que le grand T\u00e9tras, la Chev\u00eachette d\u2019Europe, la G\u00e9linotte et la B\u00e9casse des bois.<\/p>\n<\/div>\n<\/div>\n<p>[\/et_pb_text][\/et_pb_column][\/et_pb_row][\/et_pb_section]<\/p>\n","protected":false},"excerpt":{"rendered":"<p>COSNY&nbsp;https:\/\/www.cosny.ch\/ Site du Cercle Ornithologique et de Sciences naturelles d&rsquo;Yverdon. BirdLife https:\/\/www.birdlife.ch BirdLife Suisse travaille aux niveaux local, r\u00e9gional, national et international. Elle est la partenaire de BirdLife International et collabore avec de nombreux partenaires. Les 440 soci\u00e9t\u00e9s locales constituent la cl\u00e9 de vo\u00fbte de la structure de BirdLife Suisse. Les 18 associations cantonales et [&hellip;]<\/p>\n","protected":false},"author":1,"featured_media":0,"parent":0,"menu_order":0,"comment_status":"closed","ping_status":"closed","template":"","meta":{"_et_pb_use_builder":"on","_et_pb_old_content":"<div class=\"liens\"><p class=\"titre_lien\"><strong>COSNY<\/strong>\u00a0<em><a href=\"http:\/\/www.cosny.ch\/\">http:\/\/www.cosny.ch\/<\/a><\/em><br>Site du Cercle Ornithologique et de Sciences naturelles d'Yverdon.<\/p><hr><div class=\"liens\"><p class=\"titre_lien\"><strong>BirdLife<\/strong> <a href=\"https:\/\/www.birdlife.ch\">https:\/\/www.birdlife.ch<\/a><br>BirdLife Suisse travaille aux niveaux local, r\u00e9gional, national et international. Elle est la partenaire de BirdLife International et collabore avec de nombreux partenaires.<\/p><p>Les 440 soci\u00e9t\u00e9s locales constituent la cl\u00e9 de vo\u00fbte de la structure de BirdLife Suisse. Les 18 associations cantonales et les 2 organisations nationales coordonnent le travail de leurs sections communales et r\u00e9alisent leurs propres projets. BirdLife Suisse organise les campagnes nationales et joue le r\u00f4le de centre d'information.<\/p><hr><div class=\"liens\"><p class=\"titre_lien\"><strong>Natures.ch<\/strong>\u00a0<em><a href=\"http:\/\/www.natures.ch\/\">http:\/\/www.natures.ch\/<\/a><\/em><\/p><\/div><p class=\"titre_lien\">Portail regroupant une grande partie des associations, cercles et soci\u00e9t\u00e9s scientifiques romandes dans le domaine de la nature. On y trouve les annonces de sorties, des galeries photos, bref, pleins de bonnes choses!<\/p><hr><\/div><div class=\"liens\"><p class=\"titre_lien\"><strong>Nos Oiseaux<\/strong>\u00a0<em><a href=\"http:\/\/www.nosoiseaux.ch\/\">http:\/\/www.nosoiseaux.ch<\/a><\/em><br>Nos Oiseaux oeuvre depuis 1913 pour l'\u00e9tude et la protection des oiseaux en Suisse romande. Par sa revue trimestrielle et ses activit\u00e9s sur le terrain, Nos Oiseaux a notamment pour t\u00e2che la formation du plus grand nombre \u00e0 l'ornithologie, en particulier les jeunes observateurs r\u00e9unis en son \u00abGroupe des Jeunes\u00bb.<\/p><hr><\/div><div class=\"liens\"><p class=\"titre_lien\"><strong>Ornitho<\/strong>\u00a0<em><a href=\"http:\/\/www.ornitho.ch\/\">http:\/\/www.ornitho.ch<\/a><\/em><br>Site de saisie d'observations ornithologiques\u00a0et faunistiques<b> <\/b> en Suisse<\/p><hr><\/div><div class=\"liens\"><p class=\"titre_lien\"><strong>Ornithomedia<\/strong>\u00a0<em><a href=\"http:\/\/www.ornithomedia.com\/\">http:\/\/www.ornithomedia.com<\/a><\/em><br>Site francophone centralisant des informations sur l'avifaune. Forums pouvant \u00eatre utiles<\/p><hr><p><strong>SORBUS<\/strong> - Sauvegarde des Oiseaux Rares et de la Biodiversit\u00e9 Utile \u00e0 leur Survie\u00a0<a href=\"http:\/\/www.sorbus-oiseaux.ch\/\"><em>http:\/\/www.sorbus-oiseaux.ch<\/em>\/<\/a><br>L'association fond\u00e9e en 2004, SORBUS a pour but de promouvoir la sauvegarde des oiseaux forestiers menac\u00e9s. Les premi\u00e8res actions sont men\u00e9es en Suisse, et plus sp\u00e9cifiquement dans le Jura, pour le maintien d\u2019esp\u00e8ces telles que le grand T\u00e9tras, la Chev\u00eachette d\u2019Europe, la G\u00e9linotte et la B\u00e9casse des bois.<\/p><\/div><\/div>","_et_gb_content_width":"","footnotes":""},"class_list":["post-349","page","type-page","status-publish","hentry"],"_links":{"self":[{"href":"https:\/\/chouette-gobe.ch\/index.php?rest_route=\/wp\/v2\/pages\/349","targetHints":{"allow":["GET"]}}],"collection":[{"href":"https:\/\/chouette-gobe.ch\/index.php?rest_route=\/wp\/v2\/pages"}],"about":[{"href":"https:\/\/chouette-gobe.ch\/index.php?rest_route=\/wp\/v2\/types\/page"}],"author":[{"embeddable":true,"href":"https:\/\/chouette-gobe.ch\/index.php?rest_route=\/wp\/v2\/users\/1"}],"replies":[{"embeddable":true,"href":"https:\/\/chouette-gobe.ch\/index.php?rest_route=%2Fwp%2Fv2%2Fcomments&post=349"}],"version-history":[{"count":15,"href":"https:\/\/chouette-gobe.ch\/index.php?rest_route=\/wp\/v2\/pages\/349\/revisions"}],"predecessor-version":[{"id":33780,"href":"https:\/\/chouette-gobe.ch\/index.php?rest_route=\/wp\/v2\/pages\/349\/revisions\/33780"}],"wp:attachment":[{"href":"https:\/\/chouette-gobe.ch\/index.php?rest_route=%2Fwp%2Fv2%2Fmedia&parent=349"}],"curies":[{"name":"wp","href":"https:\/\/api.w.org\/{rel}","templated":true}]}}