
{"id":323,"date":"2017-08-03T16:08:53","date_gmt":"2017-08-03T14:08:53","guid":{"rendered":"http:\/\/gobe.rompat.ch\/?page_id=323"},"modified":"2019-12-13T14:01:39","modified_gmt":"2019-12-13T13:01:39","slug":"techniques","status":"publish","type":"page","link":"https:\/\/chouette-gobe.ch\/?page_id=323","title":{"rendered":"Mat\u00e9riel \/ Techniques &#8211; 323"},"content":{"rendered":"<p>[et_pb_section fb_built=\u00a0\u00bb1&Prime; _builder_version=\u00a0\u00bb3.22&Prime;][et_pb_row _builder_version=\u00a0\u00bb3.25&Prime; background_size=\u00a0\u00bbinitial\u00a0\u00bb background_position=\u00a0\u00bbtop_left\u00a0\u00bb background_repeat=\u00a0\u00bbrepeat\u00a0\u00bb][et_pb_column type=\u00a0\u00bb4_4&Prime; _builder_version=\u00a0\u00bb3.25&Prime; custom_padding=\u00a0\u00bb|||\u00a0\u00bb custom_padding__hover=\u00a0\u00bb|||\u00a0\u00bb][et_pb_text _builder_version=\u00a0\u00bb4.0.9&Prime; background_size=\u00a0\u00bbinitial\u00a0\u00bb background_position=\u00a0\u00bbtop_left\u00a0\u00bb background_repeat=\u00a0\u00bbrepeat\u00a0\u00bb hover_enabled=\u00a0\u00bb0&Prime; admin_label=\u00a0\u00bbTexte\u00a0\u00bb]<\/p>\n<h1><span lang=\"FR-CH\">Mat\u00e9riel \/ Techniques<\/span><\/h1>\n<p><span lang=\"FR-CH\">Diverses m\u00e9thodes sp\u00e9cifiques \u00e0 la capture des esp\u00e8ces \u00e9tudi\u00e9es ont \u00e9t\u00e9 mises au point par les membres du GOBE au fil des ann\u00e9es. La modernisation des techniques de suivi et de collecte des donn\u00e9es nous permet d\u2019ann\u00e9e en ann\u00e9e d\u2019am\u00e9liorer nos comp\u00e9tences tout en minimisant l\u2019impact sur les esp\u00e8ces suivies.<\/span><\/p>\n<hr>\n<h2>Contr\u00f4les \u00e0 la cam\u00e9ra<\/h2>\n<p>Le premier contr\u00f4le de la saison consiste \u00e0 faire un recensement des nichoirs occup\u00e9s. Ce passage g\u00e9n\u00e9ral, exhaustif, de tous nos r\u00e9seaux de nichoirs a pendant longtemps \u00e9t\u00e9 effectu\u00e9 \u00e0 l\u2019\u00e9chelle. L\u2019extension progressive de nos r\u00e9seaux ne nous permet plus ce fastidieux travail et une solution plus l\u00e9g\u00e8re et efficace est devenue n\u00e9cessaire.<br \/>Parmi nos membres, une succession de brillants bricoleurs a mis au point un syst\u00e8me de contr\u00f4le par cam\u00e9ra des nichoirs. Apr\u00e8s plusieurs versions de plus en plus l\u00e9g\u00e8res, la solution actuelle est bas\u00e9e sur deux \u00e9l\u00e9ments cl\u00e9s :<\/p>\n<ul>\n<li>Une cam\u00e9ra grand angle de type GoPro<\/li>\n<li>Une perche t\u00e9lescopique<\/li>\n<\/ul>\n<p>La cam\u00e9ra est mont\u00e9e au bout de la perche, ce qui permet de contr\u00f4ler des nichoirs jusqu\u2019\u00e0 environ 8m de haut. Un \u00e9clairage est adapt\u00e9 \u00e0 c\u00f4t\u00e9 de la cam\u00e9ra afin de parfaitement visualiser le contenu du nid.<br \/>Les cam\u00e9ras de ce type ont de plus l\u2019avantage de pouvoir \u00eatre connect\u00e9es sans fil \u00e0 n\u2019importe quel tablette\/smartphone, elles cumulent \u00e9galement l\u2019avantage de poss\u00e9der une autonomie permettant une journ\u00e9e compl\u00e8te de contr\u00f4le.<\/p>\n<p>Une fois la pr\u00e9sence d\u2019une femelle, la cam\u00e9ra est retir\u00e9e prudemment du nichoir et le contr\u00f4le traditionnel \u00e0 la filoche et \u00e9chelle est effectu\u00e9. Nous avons pu constater que le d\u00e9rangement caus\u00e9 par l\u2019entr\u00e9e de la cam\u00e9ra dans le nichoir est particuli\u00e8rement faible et ne semble causer qu\u2019un stress minimal \u00e0 la femelle\/aux jeunes.<\/p>\n<p>Ce syst\u00e8me est employ\u00e9 avec succ\u00e8s depuis quelques saisons pour le contr\u00f4le des nichoirs \u00e0 chouette de Tengmalm, chouette hulotte et de plus en plus fr\u00e9quemment pour les nichoirs \u00e0 faucon cr\u00e9cerelle.<\/p>\n<p>Le co\u00fbt de chaque \u00e9quipement de contr\u00f4le (perche, cam\u00e9ra et petit mat\u00e9riel) avoisine 500.- CHF.<br \/>3 \u00e9quipements complets sont \u00e0 disposition de nos bagueurs.<\/p>\n<hr>\n<h2>Gestion num\u00e9rique des documents<\/h2>\n<h4>Une modernisation n\u00e9cessaire<\/h4>\n<p>Le GOBE (Groupe Ornithologique de Baulmes et Environs) g\u00e8re des projets de baguage en nichoirs pour 8 esp\u00e8ces. La coordination de ces projets requiert depuis longtemps une grande rigueur et une communication intensive entre les di\ufb00\u00e9rents responsables et bagueurs.<\/p>\n<p>La multiplication des projets et des bagueurs ainsi que la n\u00e9cessit\u00e9 croissante d&rsquo;homog\u00e9n\u00e9iser la structure des di\ufb00\u00e9rentes bases de donn\u00e9es de mesures a mis en \u00e9vidence le besoin de d\u00e9velopper de nouveaux outils de collaboration.<\/p>\n<h4>Documents standardis\u00e9s<\/h4>\n<p>Une collaboration e\ufb03cace entre bagueurs passe par la mise au point de documents homog\u00e8nes.<br \/>Ceux-ci regroupent notamment:<\/p>\n<ul>\n<li>Des \ufb01ches de nids comportant tous les champs n\u00e9cessaires \u00e0 la saisie directement sur le terrain. Ces \ufb01ches doivent comporter au minimum les informations requises lors de la saisie sur RingExt.<\/li>\n<li>Des fichiers de synth\u00e8se annuelle permettant une compilation rapide des \ufb01ches de nids, un suivi du r\u00e9seau de nichoir ainsi qu&rsquo;une comparaison entre saisons.<\/li>\n<\/ul>\n<p>Ces \ufb01chiers ont \u00e9t\u00e9 con\u00e7us de fa\u00e7on \u00e0 faciliter le travail des bagueurs. Il s&rsquo;agit de \ufb01chiers Excel.<br \/>Des cartes et autres documents de travail de terrain peuvent rapidement \u00eatre extraites de ces donn\u00e9es.<\/p>\n<h4>Synchronisation<\/h4>\n<p>Pour diminuer les incessants \u00e9changes de courriels, le recours \u00e0 une solution de partage et de synchronisation de fichiers entre multiples utilisateurs s&rsquo;imposait. Dropbox est le syst\u00e8me multiplateforme le plus r\u00e9pandu et son syst\u00e8me de partage est ais\u00e9 d&rsquo;utilisation.<\/p>\n<p>Un dossier commun, regroupant les di\ufb00\u00e9rents projets (esp\u00e8ces) est partag\u00e9 entre les bagueurs et responsables de r\u00e9seaux. Chacun de ces projets comporte les \ufb01ches de nids, en cours ou compl\u00e9t\u00e9es, ainsi que les documents de terrain.<\/p>\n<p>Au retour de chaque tourn\u00e9e, les \ufb01ches de nids sont mises \u00e0 jour par le bagueur, de m\u00eame qu&rsquo;un listing des contr\u00f4les \u00e0 faire. Toutes les modi\ufb01cations sont imm\u00e9diatement r\u00e9percut\u00e9es chez lds autres participants au suivi.<\/p>\n<p>Cette synchronisation permet une meilleure r\u00e9partition du travail de suivi et \u00e0 di\ufb00\u00e9rents intervenants de suivre un nichoir sans probl\u00e8me de coordination ou de fusion de donn\u00e9es.<\/p>\n<p>[\/et_pb_text][\/et_pb_column][\/et_pb_row][\/et_pb_section]<\/p>\n","protected":false},"excerpt":{"rendered":"<p>Mat\u00e9riel \/ Techniques Diverses m\u00e9thodes sp\u00e9cifiques \u00e0 la capture des esp\u00e8ces \u00e9tudi\u00e9es ont \u00e9t\u00e9 mises au point par les membres du GOBE au fil des ann\u00e9es. La modernisation des techniques de suivi et de collecte des donn\u00e9es nous permet d\u2019ann\u00e9e en ann\u00e9e d\u2019am\u00e9liorer nos comp\u00e9tences tout en minimisant l\u2019impact sur les esp\u00e8ces suivies. Contr\u00f4les \u00e0 [&hellip;]<\/p>\n","protected":false},"author":1,"featured_media":0,"parent":0,"menu_order":0,"comment_status":"closed","ping_status":"closed","template":"","meta":{"_et_pb_use_builder":"on","_et_pb_old_content":"<span lang=\"FR-CH\">Diverses m\u00e9thodes sp\u00e9cifiques \u00e0 la capture des esp\u00e8ces \u00e9tudi\u00e9es ont \u00e9t\u00e9 mises au point par les membres du GOBE au fil des ann\u00e9es. La modernisation des techniques de suivi et de collecte des donn\u00e9es nous permet d\u2019ann\u00e9e en ann\u00e9e d\u2019am\u00e9liorer nos comp\u00e9tences tout en minimisant l\u2019impact sur les esp\u00e8ces suivies.<\/span>\r\n\r\n<hr>\r\n\r\n<h2>Contr\u00f4les \u00e0 la cam\u00e9ra<\/h2>\r\nLe premier contr\u00f4le de la saison consiste \u00e0 faire un recensement des nichoirs occup\u00e9s. Ce passage g\u00e9n\u00e9ral, exhaustif, de tous nos r\u00e9seaux de nichoirs a pendant longtemps \u00e9t\u00e9 effectu\u00e9 \u00e0 l\u2019\u00e9chelle. L\u2019extension progressive de nos r\u00e9seaux ne nous permet plus ce fastidieux travail et une solution plus l\u00e9g\u00e8re et efficace est devenue n\u00e9cessaire.\r\nParmi nos membres, une succession de brillants bricoleurs a mis au point un syst\u00e8me de contr\u00f4le par cam\u00e9ra des nichoirs. Apr\u00e8s plusieurs versions de plus en plus l\u00e9g\u00e8res, la solution actuelle est bas\u00e9e sur deux \u00e9l\u00e9ments cl\u00e9s :\r\n<ul>\r\n \t<li>Une cam\u00e9ra grand angle de type GoPro<\/li>\r\n \t<li>Une perche t\u00e9lescopique<\/li>\r\n<\/ul>\r\nLa cam\u00e9ra est mont\u00e9e au bout de la perche, ce qui permet de contr\u00f4ler des nichoirs jusqu\u2019\u00e0 environ 8m de haut. Un \u00e9clairage est adapt\u00e9 \u00e0 c\u00f4t\u00e9 de la cam\u00e9ra afin de parfaitement visualiser le contenu du nid.\r\nLes cam\u00e9ras de ce type ont de plus l\u2019avantage de pouvoir \u00eatre connect\u00e9es sans fil \u00e0 n\u2019importe quel tablette\/smartphone, elles cumulent \u00e9galement l\u2019avantage de poss\u00e9der une autonomie permettant une journ\u00e9e compl\u00e8te de contr\u00f4le.\r\n\r\nUne fois la pr\u00e9sence d\u2019une femelle, la cam\u00e9ra est retir\u00e9e prudemment du nichoir et le contr\u00f4le traditionnel \u00e0 la filoche et \u00e9chelle est effectu\u00e9. Nous avons pu constater que le d\u00e9rangement caus\u00e9 par l\u2019entr\u00e9e de la cam\u00e9ra dans le nichoir est particuli\u00e8rement faible et ne semble causer qu\u2019un stress minimal \u00e0 la femelle\/aux jeunes.\r\n\r\nCe syst\u00e8me est employ\u00e9 avec succ\u00e8s depuis quelques saisons pour le contr\u00f4le des nichoirs \u00e0 chouette de Tengmalm, chouette hulotte et de plus en plus fr\u00e9quemment pour les nichoirs \u00e0 faucon cr\u00e9cerelle.\r\n\r\nLe co\u00fbt de chaque \u00e9quipement de contr\u00f4le (perche, cam\u00e9ra et petit mat\u00e9riel) avoisine 500.- CHF.\r\n3 \u00e9quipements complets sont \u00e0 disposition de nos bagueurs.\r\n\r\n<hr>\r\n\r\n<h2>Gestion num\u00e9rique des documents<\/h2>\r\n<h4>Une modernisation n\u00e9cessaire<\/h4>\r\nLe GOBE (Groupe Ornithologique de Baulmes et Environs) g\u00e8re des projets de baguage en nichoirs pour 8 esp\u00e8ces. La coordination de ces projets requiert depuis longtemps une grande rigueur et une communication intensive entre les di\ufb00\u00e9rents responsables et bagueurs.\r\n\r\nLa multiplication des projets et des bagueurs ainsi que la n\u00e9cessit\u00e9 croissante d'homog\u00e9n\u00e9iser la structure des di\ufb00\u00e9rentes bases de donn\u00e9es de mesures a mis en \u00e9vidence le besoin de d\u00e9velopper de nouveaux outils de collaboration.\r\n<h4>Documents standardis\u00e9s<\/h4>\r\nUne collaboration e\ufb03cace entre bagueurs passe par la mise au point de documents homog\u00e8nes.\r\nCeux-ci regroupent notamment:\r\n<ul>\r\n \t<li>Des \ufb01ches de nids comportant tous les champs n\u00e9cessaires \u00e0 la saisie directement sur le terrain. Ces \ufb01ches doivent comporter au minimum les informations requises lors de la saisie sur RingExt.<\/li>\r\n \t<li>Des fichiers de synth\u00e8se annuelle permettant une compilation rapide des \ufb01ches de nids, un suivi du r\u00e9seau de nichoir ainsi qu'une comparaison entre saisons.<\/li>\r\n<\/ul>\r\nCes \ufb01chiers ont \u00e9t\u00e9 con\u00e7us de fa\u00e7on \u00e0 faciliter le travail des bagueurs. Il s'agit de \ufb01chiers Excel.\r\nDes cartes et autres documents de travail de terrain peuvent rapidement \u00eatre extraites de ces donn\u00e9es.\r\n<h4>Synchronisation<\/h4>\r\nPour diminuer les incessants \u00e9changes de courriels, le recours \u00e0 une solution de partage et de synchronisation de fichiers entre multiples utilisateurs s'imposait. Dropbox est le syst\u00e8me multiplateforme le plus r\u00e9pandu et son syst\u00e8me de partage est ais\u00e9 d'utilisation.\r\n\r\nUn dossier commun, regroupant les di\ufb00\u00e9rents projets (esp\u00e8ces) est partag\u00e9 entre les bagueurs et responsables de r\u00e9seaux. Chacun de ces projets comporte les \ufb01ches de nids, en cours ou compl\u00e9t\u00e9es, ainsi que les documents de terrain.\r\n\r\nAu retour de chaque tourn\u00e9e, les \ufb01ches de nids sont mises \u00e0 jour par le bagueur, de m\u00eame qu'un listing des contr\u00f4les \u00e0 faire. Toutes les modi\ufb01cations sont imm\u00e9diatement r\u00e9percut\u00e9es chez lds autres participants au suivi.\r\n\r\nCette synchronisation permet une meilleure r\u00e9partition du travail de suivi et \u00e0 di\ufb00\u00e9rents intervenants de suivre un nichoir sans probl\u00e8me de coordination ou de fusion de donn\u00e9es.","_et_gb_content_width":"","footnotes":""},"class_list":["post-323","page","type-page","status-publish","hentry"],"_links":{"self":[{"href":"https:\/\/chouette-gobe.ch\/index.php?rest_route=\/wp\/v2\/pages\/323","targetHints":{"allow":["GET"]}}],"collection":[{"href":"https:\/\/chouette-gobe.ch\/index.php?rest_route=\/wp\/v2\/pages"}],"about":[{"href":"https:\/\/chouette-gobe.ch\/index.php?rest_route=\/wp\/v2\/types\/page"}],"author":[{"embeddable":true,"href":"https:\/\/chouette-gobe.ch\/index.php?rest_route=\/wp\/v2\/users\/1"}],"replies":[{"embeddable":true,"href":"https:\/\/chouette-gobe.ch\/index.php?rest_route=%2Fwp%2Fv2%2Fcomments&post=323"}],"version-history":[{"count":19,"href":"https:\/\/chouette-gobe.ch\/index.php?rest_route=\/wp\/v2\/pages\/323\/revisions"}],"predecessor-version":[{"id":4688,"href":"https:\/\/chouette-gobe.ch\/index.php?rest_route=\/wp\/v2\/pages\/323\/revisions\/4688"}],"wp:attachment":[{"href":"https:\/\/chouette-gobe.ch\/index.php?rest_route=%2Fwp%2Fv2%2Fmedia&parent=323"}],"curies":[{"name":"wp","href":"https:\/\/api.w.org\/{rel}","templated":true}]}}