
{"id":177,"date":"2017-08-03T13:48:06","date_gmt":"2017-08-03T11:48:06","guid":{"rendered":"http:\/\/gobe.rompat.ch\/?page_id=177"},"modified":"2024-12-13T09:26:21","modified_gmt":"2024-12-13T08:26:21","slug":"la-chouette-hulotte-strix-aluco","status":"publish","type":"page","link":"https:\/\/chouette-gobe.ch\/?page_id=177","title":{"rendered":"Chouette hulotte &#8211; 177"},"content":{"rendered":"<p>[et_pb_section fb_built=\u00a0\u00bb1&Prime; _builder_version=\u00a0\u00bb4.16&Prime; global_colors_info=\u00a0\u00bb{}\u00a0\u00bb][et_pb_row _builder_version=\u00a0\u00bb4.16&Prime; background_size=\u00a0\u00bbinitial\u00a0\u00bb background_position=\u00a0\u00bbtop_left\u00a0\u00bb background_repeat=\u00a0\u00bbrepeat\u00a0\u00bb global_colors_info=\u00a0\u00bb{}\u00a0\u00bb][et_pb_column type=\u00a0\u00bb4_4&Prime; _builder_version=\u00a0\u00bb4.16&Prime; custom_padding=\u00a0\u00bb|||\u00a0\u00bb global_colors_info=\u00a0\u00bb{}\u00a0\u00bb custom_padding__hover=\u00a0\u00bb|||\u00a0\u00bb][et_pb_text _builder_version=\u00a0\u00bb4.27.3&Prime; z_index_tablet=\u00a0\u00bb500&Prime; text_text_shadow_horizontal_length_tablet=\u00a0\u00bb0px\u00a0\u00bb text_text_shadow_vertical_length_tablet=\u00a0\u00bb0px\u00a0\u00bb text_text_shadow_blur_strength_tablet=\u00a0\u00bb1px\u00a0\u00bb link_text_shadow_horizontal_length_tablet=\u00a0\u00bb0px\u00a0\u00bb link_text_shadow_vertical_length_tablet=\u00a0\u00bb0px\u00a0\u00bb link_text_shadow_blur_strength_tablet=\u00a0\u00bb1px\u00a0\u00bb ul_text_shadow_horizontal_length_tablet=\u00a0\u00bb0px\u00a0\u00bb ul_text_shadow_vertical_length_tablet=\u00a0\u00bb0px\u00a0\u00bb ul_text_shadow_blur_strength_tablet=\u00a0\u00bb1px\u00a0\u00bb ol_text_shadow_horizontal_length_tablet=\u00a0\u00bb0px\u00a0\u00bb ol_text_shadow_vertical_length_tablet=\u00a0\u00bb0px\u00a0\u00bb ol_text_shadow_blur_strength_tablet=\u00a0\u00bb1px\u00a0\u00bb quote_text_shadow_horizontal_length_tablet=\u00a0\u00bb0px\u00a0\u00bb quote_text_shadow_vertical_length_tablet=\u00a0\u00bb0px\u00a0\u00bb quote_text_shadow_blur_strength_tablet=\u00a0\u00bb1px\u00a0\u00bb header_text_shadow_horizontal_length_tablet=\u00a0\u00bb0px\u00a0\u00bb header_text_shadow_vertical_length_tablet=\u00a0\u00bb0px\u00a0\u00bb header_text_shadow_blur_strength_tablet=\u00a0\u00bb1px\u00a0\u00bb header_2_text_shadow_horizontal_length_tablet=\u00a0\u00bb0px\u00a0\u00bb header_2_text_shadow_vertical_length_tablet=\u00a0\u00bb0px\u00a0\u00bb header_2_text_shadow_blur_strength_tablet=\u00a0\u00bb1px\u00a0\u00bb header_3_text_shadow_horizontal_length_tablet=\u00a0\u00bb0px\u00a0\u00bb header_3_text_shadow_vertical_length_tablet=\u00a0\u00bb0px\u00a0\u00bb header_3_text_shadow_blur_strength_tablet=\u00a0\u00bb1px\u00a0\u00bb header_4_text_shadow_horizontal_length_tablet=\u00a0\u00bb0px\u00a0\u00bb header_4_text_shadow_vertical_length_tablet=\u00a0\u00bb0px\u00a0\u00bb header_4_text_shadow_blur_strength_tablet=\u00a0\u00bb1px\u00a0\u00bb header_5_text_shadow_horizontal_length_tablet=\u00a0\u00bb0px\u00a0\u00bb header_5_text_shadow_vertical_length_tablet=\u00a0\u00bb0px\u00a0\u00bb header_5_text_shadow_blur_strength_tablet=\u00a0\u00bb1px\u00a0\u00bb header_6_text_shadow_horizontal_length_tablet=\u00a0\u00bb0px\u00a0\u00bb header_6_text_shadow_vertical_length_tablet=\u00a0\u00bb0px\u00a0\u00bb header_6_text_shadow_blur_strength_tablet=\u00a0\u00bb1px\u00a0\u00bb box_shadow_horizontal_tablet=\u00a0\u00bb0px\u00a0\u00bb box_shadow_vertical_tablet=\u00a0\u00bb0px\u00a0\u00bb box_shadow_blur_tablet=\u00a0\u00bb40px\u00a0\u00bb box_shadow_spread_tablet=\u00a0\u00bb0px\u00a0\u00bb global_colors_info=\u00a0\u00bb{}\u00a0\u00bb]<\/p>\n<div id=\"contenu\">\n<h2>La Chouette hulotte<\/h2>\n<p><em>Strix aluco <\/em><\/p>\n<p>Cette chouette de grande taille est facilement reconnaissable. Son chant \u00e9mis d\u00e8s l\u2019hiver porte \u00e0 des kilom\u00e8tres et l\u2019esp\u00e8ce est pr\u00e9sente dans des habitats vari\u00e9s: parcs urbains, for\u00eats caducifoli\u00e9es ou mixtes jusque vers 1200 m d\u2019altitude.\u00a0\u00bb<\/p>\n<p>Sa silhouette est massive avec des ailes larges et courtes permettant de se d\u00e9placer et de chasser efficacement dans les for\u00eats. Les\u00a0 yeux noirs la distinguent de presque tous les autres rapaces nocturnes. Selon les individus, le plumage varie du roux au gris avec tous les interm\u00e9diaires possibles. Sa fr\u00e9quence maximale est atteinte dans les vieilles futaies\u00a0 dont les arbres lui procurent des sites de nidification (cavit\u00e9s creus\u00e9es par le Pic noir, ou arbre creux) et fournissent des fruits permettant le d\u00e9veloppement des populations de micro mammif\u00e8res qui constituent l\u2019essentiel de son alimentation.<\/p>\n<h4>Buts et secteur d\u2019\u00e9tude<\/h4>\n<p>La hulotte est une esp\u00e8ce relativement commune qui adopte facilement les nichoirs artificiels. Elle est donc suivie par plusieurs \u00e9quipes d\u2019ornithologues. Les contr\u00f4les sont r\u00e9alis\u00e9s de la mi-mars \u00e0 la mi-mai. Les femelles sont captur\u00e9es \u00e0 la filoche et bagu\u00e9es ou contr\u00f4l\u00e9es. On peut d\u00e9terminer leur \u00e2ge exact si elles ont \u00e9t\u00e9 bagu\u00e9es comme poussin ou si elles sont captur\u00e9es lors de leur 2<sup>\u00e8me<\/sup> ou 3<sup>\u00e8me<\/sup> ann\u00e9e civile par l\u2019observation de la derni\u00e8re barre de certaines r\u00e9miges. On mesure g\u00e9n\u00e9ralement aussi leur poids et leur taille, ainsi que d\u2019autres param\u00e8tres plus sp\u00e9cifiques en fonction des buts de l\u2019\u00e9tude.<\/p>\n<p>Comme la Hulotte est strictement s\u00e9dentaire, elle adopte une strat\u00e9gie d\u2019abstinence de reproduction les mauvaises ann\u00e9es, les proies faisant d\u00e9faut. Lors d\u2019ann\u00e9es favorables, c\u2019est-\u00e0-dire lorsque les mulots sont abondants, la plupart des couples entreprennent une nich\u00e9e de fa\u00e7on tr\u00e8s pr\u00e9coce, la ponte pouvant avoir lieu d\u00e9but f\u00e9vrier d\u00e9j\u00e0. La ponte est importante (5 \u00e0 6 oeufs) et les jeunes sont \u00e9lev\u00e9s sans difficult\u00e9s.<\/p>\n<p>L\u2019\u00e9tude de la Chouette hulotte a d\u00e9but\u00e9 vers le milieu des ann\u00e9es 80. \u00a0Les travaux men\u00e9s actuellement visent essentiellement \u00e0 mieux comprendre la dynamique de population et de reproduction sur une zone g\u00e9ographique o\u00f9 l&rsquo;on trouve un grand nombre de types de for\u00eats diff\u00e9rentes (for\u00eats alluviales, h\u00eatraies, ch\u00eanaies, for\u00eats mixtes, pessi\u00e8res, etc.)<\/p>\n<p>&nbsp;<\/p>\n<h4>Travaux publi\u00e9s<\/h4>\n<p>Pour acc\u00e9der aux\u00a0<a href=\"\/?page_id=202\/#hulotte202\">travaux publi\u00e9s<\/a><\/p>\n<p>&nbsp;<\/p>\n<\/div>\n<p>[\/et_pb_text][\/et_pb_column][\/et_pb_row][et_pb_row _builder_version=\u00a0\u00bb4.27.4&Prime; _module_preset=\u00a0\u00bbdefault\u00a0\u00bb global_colors_info=\u00a0\u00bb{}\u00a0\u00bb locked=\u00a0\u00bboff\u00a0\u00bb][et_pb_column type=\u00a0\u00bb4_4&Prime; _builder_version=\u00a0\u00bb4.27.4&Prime; _module_preset=\u00a0\u00bbdefault\u00a0\u00bb global_colors_info=\u00a0\u00bb{}\u00a0\u00bb][et_pb_text admin_label=\u00a0\u00bbTexte &#8211; Plan nichoir\u00a0\u00bb _builder_version=\u00a0\u00bb4.27.4&Prime; hover_enabled=\u00a0\u00bb0&Prime; z_index_tablet=\u00a0\u00bb500&Prime; text_text_shadow_horizontal_length_tablet=\u00a0\u00bb0px\u00a0\u00bb text_text_shadow_vertical_length_tablet=\u00a0\u00bb0px\u00a0\u00bb text_text_shadow_blur_strength_tablet=\u00a0\u00bb1px\u00a0\u00bb link_text_shadow_horizontal_length_tablet=\u00a0\u00bb0px\u00a0\u00bb link_text_shadow_vertical_length_tablet=\u00a0\u00bb0px\u00a0\u00bb link_text_shadow_blur_strength_tablet=\u00a0\u00bb1px\u00a0\u00bb ul_text_shadow_horizontal_length_tablet=\u00a0\u00bb0px\u00a0\u00bb ul_text_shadow_vertical_length_tablet=\u00a0\u00bb0px\u00a0\u00bb ul_text_shadow_blur_strength_tablet=\u00a0\u00bb1px\u00a0\u00bb ol_text_shadow_horizontal_length_tablet=\u00a0\u00bb0px\u00a0\u00bb ol_text_shadow_vertical_length_tablet=\u00a0\u00bb0px\u00a0\u00bb ol_text_shadow_blur_strength_tablet=\u00a0\u00bb1px\u00a0\u00bb quote_text_shadow_horizontal_length_tablet=\u00a0\u00bb0px\u00a0\u00bb quote_text_shadow_vertical_length_tablet=\u00a0\u00bb0px\u00a0\u00bb quote_text_shadow_blur_strength_tablet=\u00a0\u00bb1px\u00a0\u00bb header_text_shadow_horizontal_length_tablet=\u00a0\u00bb0px\u00a0\u00bb header_text_shadow_vertical_length_tablet=\u00a0\u00bb0px\u00a0\u00bb header_text_shadow_blur_strength_tablet=\u00a0\u00bb1px\u00a0\u00bb header_2_text_shadow_horizontal_length_tablet=\u00a0\u00bb0px\u00a0\u00bb header_2_text_shadow_vertical_length_tablet=\u00a0\u00bb0px\u00a0\u00bb header_2_text_shadow_blur_strength_tablet=\u00a0\u00bb1px\u00a0\u00bb header_3_text_shadow_horizontal_length_tablet=\u00a0\u00bb0px\u00a0\u00bb header_3_text_shadow_vertical_length_tablet=\u00a0\u00bb0px\u00a0\u00bb header_3_text_shadow_blur_strength_tablet=\u00a0\u00bb1px\u00a0\u00bb header_4_text_shadow_horizontal_length_tablet=\u00a0\u00bb0px\u00a0\u00bb header_4_text_shadow_vertical_length_tablet=\u00a0\u00bb0px\u00a0\u00bb header_4_text_shadow_blur_strength_tablet=\u00a0\u00bb1px\u00a0\u00bb header_5_text_shadow_horizontal_length_tablet=\u00a0\u00bb0px\u00a0\u00bb header_5_text_shadow_vertical_length_tablet=\u00a0\u00bb0px\u00a0\u00bb header_5_text_shadow_blur_strength_tablet=\u00a0\u00bb1px\u00a0\u00bb header_6_text_shadow_horizontal_length_tablet=\u00a0\u00bb0px\u00a0\u00bb header_6_text_shadow_vertical_length_tablet=\u00a0\u00bb0px\u00a0\u00bb header_6_text_shadow_blur_strength_tablet=\u00a0\u00bb1px\u00a0\u00bb box_shadow_horizontal_tablet=\u00a0\u00bb0px\u00a0\u00bb box_shadow_vertical_tablet=\u00a0\u00bb0px\u00a0\u00bb box_shadow_blur_tablet=\u00a0\u00bb40px\u00a0\u00bb box_shadow_spread_tablet=\u00a0\u00bb0px\u00a0\u00bb global_colors_info=\u00a0\u00bb{}\u00a0\u00bb sticky_enabled=\u00a0\u00bb0&Prime;]<\/p>\n<h4><span lang=\"FR-CH\">Fabriquer son nichoir<br \/><\/span><\/h4>\n<p>Si vous souhaitez fabriquer un nichoirs \u00e0 Chouette hulotte, voici un plan.<\/p>\n<p>Vous pouvez aussi <a href=\"\/wp-content\/uploads\/2024\/12\/Plan_nichoir_hulotte.pdf\">t\u00e9l\u00e9charger le plan<\/a>.<\/p>\n<a href=\"\/wp-content\/uploads\/2024\/12\/Plan_nichoir_hulotte.pdf\" class=\"pdfemb-viewer\" style=\"\" data-width=\"max\" data-height=\"max\" data-toolbar=\"both\" data-toolbar-fixed=\"off\">Plan_nichoir_hulotte<\/a>\n<p>[\/et_pb_text][\/et_pb_column][\/et_pb_row][\/et_pb_section]<\/p>\n","protected":false},"excerpt":{"rendered":"<p>La Chouette hulotte Strix aluco Cette chouette de grande taille est facilement reconnaissable. Son chant \u00e9mis d\u00e8s l\u2019hiver porte \u00e0 des kilom\u00e8tres et l\u2019esp\u00e8ce est pr\u00e9sente dans des habitats vari\u00e9s: parcs urbains, for\u00eats caducifoli\u00e9es ou mixtes jusque vers 1200 m d\u2019altitude.\u00a0\u00bb Sa silhouette est massive avec des ailes larges et courtes permettant de se d\u00e9placer [&hellip;]<\/p>\n","protected":false},"author":1,"featured_media":0,"parent":0,"menu_order":0,"comment_status":"closed","ping_status":"closed","template":"","meta":{"_et_pb_use_builder":"on","_et_pb_old_content":"<div id=\"contenu\"><h4>La Chouette hulotte<\/h4><p>Cette chouette de grande taille est facilement reconnaissable. Son chant \u00e9mis d\u00e8s l\u2019hiver porte \u00e0 des kilom\u00e8tres et l\u2019esp\u00e8ce est pr\u00e9sente dans des habitats vari\u00e9s: parcs urbains, for\u00eats caducifoli\u00e9es ou mixtes jusque vers 1200 m d\u2019altitude.\u00a0\u00bb<\/p><p>Sa silhouette est massive avec des ailes larges et courtes permettant de se d\u00e9placer et de chasser efficacement dans les for\u00eats. Les\u00a0 yeux noirs la distinguent de presque tous les autres rapaces nocturnes. Selon les individus, le plumage varie du roux au gris avec tous les interm\u00e9diaires possibles. Sa fr\u00e9quence maximale est atteinte dans les vieilles futaies\u00a0 dont les arbres lui procurent des sites de nidification (cavit\u00e9s creus\u00e9es par le Pic noir, ou arbre creux) et fournissent des fruits permettant le d\u00e9veloppement des populations de micro mammif\u00e8res qui constituent l\u2019essentiel de son alimentation.<\/p><h4>Buts et secteur d\u2019\u00e9tude<\/h4><p>La hulotte est une esp\u00e8ce relativement commune qui adopte facilement les nichoirs artificiels. Elle est donc suivie par plusieurs \u00e9quipes d\u2019ornithologues. Les contr\u00f4les sont r\u00e9alis\u00e9s de la mi-mars \u00e0 la mi-mai. Les femelles sont captur\u00e9es \u00e0 la filoche et bagu\u00e9es ou contr\u00f4l\u00e9es. On peut d\u00e9terminer leur \u00e2ge exact si elles ont \u00e9t\u00e9 bagu\u00e9es comme poussin ou si elles sont captur\u00e9es lors de leur 2<sup>\u00e8me<\/sup> ou 3<sup>\u00e8me<\/sup> ann\u00e9e civile par l\u2019observation de la derni\u00e8re barre de certaines r\u00e9miges. On mesure g\u00e9n\u00e9ralement aussi leur poids et leur taille, ainsi que d\u2019autres param\u00e8tres plus sp\u00e9cifiques en fonction des buts de l\u2019\u00e9tude.<\/p><p>Comme la Hulotte est strictement s\u00e9dentaire, elle adopte une strat\u00e9gie d\u2019abstinence de reproduction les mauvaises ann\u00e9es, les proies faisant d\u00e9faut. Lors d\u2019ann\u00e9es favorables, c\u2019est-\u00e0-dire lorsque les mulots sont abondants, la plupart des couples entreprennent une nich\u00e9e de fa\u00e7on tr\u00e8s pr\u00e9coce, la ponte pouvant avoir lieu d\u00e9but f\u00e9vrier d\u00e9j\u00e0. La ponte est importante (5 \u00e0 6 oeufs) et les jeunes sont \u00e9lev\u00e9s sans difficult\u00e9s.<\/p><p>L\u2019\u00e9tude de la Chouette hulotte a d\u00e9but\u00e9 vers le milieu des ann\u00e9es 80. \u00a0Les travaux men\u00e9s actuellement visent essentiellement \u00e0 mieux comprendre la dynamique de population et de reproduction sur une zone g\u00e9ographique o\u00f9 l'on trouve un grand nombre de types de for\u00eats diff\u00e9rentes (for\u00eats alluviales, h\u00eatraies, ch\u00eanaies, for\u00eats mixtes, pessi\u00e8res, etc.)<\/p><p>\u00a0<\/p><h4>Travaux publi\u00e9s<\/h4><p>Pour acc\u00e9der aux\u00a0<a href=\"http:\/\/gobe.rompat.ch\/?page_id=202\/#chouettehulotte\">travaux publi\u00e9s<\/a><\/p><p>\u00a0<\/p><\/div>","_et_gb_content_width":"","footnotes":""},"class_list":["post-177","page","type-page","status-publish","hentry"],"_links":{"self":[{"href":"https:\/\/chouette-gobe.ch\/index.php?rest_route=\/wp\/v2\/pages\/177","targetHints":{"allow":["GET"]}}],"collection":[{"href":"https:\/\/chouette-gobe.ch\/index.php?rest_route=\/wp\/v2\/pages"}],"about":[{"href":"https:\/\/chouette-gobe.ch\/index.php?rest_route=\/wp\/v2\/types\/page"}],"author":[{"embeddable":true,"href":"https:\/\/chouette-gobe.ch\/index.php?rest_route=\/wp\/v2\/users\/1"}],"replies":[{"embeddable":true,"href":"https:\/\/chouette-gobe.ch\/index.php?rest_route=%2Fwp%2Fv2%2Fcomments&post=177"}],"version-history":[{"count":26,"href":"https:\/\/chouette-gobe.ch\/index.php?rest_route=\/wp\/v2\/pages\/177\/revisions"}],"predecessor-version":[{"id":39382,"href":"https:\/\/chouette-gobe.ch\/index.php?rest_route=\/wp\/v2\/pages\/177\/revisions\/39382"}],"wp:attachment":[{"href":"https:\/\/chouette-gobe.ch\/index.php?rest_route=%2Fwp%2Fv2%2Fmedia&parent=177"}],"curies":[{"name":"wp","href":"https:\/\/api.w.org\/{rel}","templated":true}]}}