
{"id":117,"date":"2017-08-03T11:39:23","date_gmt":"2017-08-03T09:39:23","guid":{"rendered":"http:\/\/gobe.rompat.ch\/?page_id=117"},"modified":"2024-11-17T15:11:28","modified_gmt":"2024-11-17T14:11:28","slug":"la-chouette-de-tengmalm-aegolius-funereus","status":"publish","type":"page","link":"https:\/\/chouette-gobe.ch\/?page_id=117","title":{"rendered":"La Chouette de Tengmalm &#8211; 117"},"content":{"rendered":"<p>[et_pb_section fb_built=\u00a0\u00bb1&Prime; _builder_version=\u00a0\u00bb4.16&Prime; global_colors_info=\u00a0\u00bb{}\u00a0\u00bb][et_pb_row _builder_version=\u00a0\u00bb4.16&Prime; background_size=\u00a0\u00bbinitial\u00a0\u00bb background_position=\u00a0\u00bbtop_left\u00a0\u00bb background_repeat=\u00a0\u00bbrepeat\u00a0\u00bb global_colors_info=\u00a0\u00bb{}\u00a0\u00bb][et_pb_column type=\u00a0\u00bb4_4&Prime; _builder_version=\u00a0\u00bb4.16&Prime; custom_padding=\u00a0\u00bb|||\u00a0\u00bb global_colors_info=\u00a0\u00bb{}\u00a0\u00bb custom_padding__hover=\u00a0\u00bb|||\u00a0\u00bb][et_pb_text _builder_version=\u00a0\u00bb4.27.3&Prime; hover_enabled=\u00a0\u00bb0&Prime; z_index_tablet=\u00a0\u00bb500&Prime; text_text_shadow_horizontal_length_tablet=\u00a0\u00bb0px\u00a0\u00bb text_text_shadow_vertical_length_tablet=\u00a0\u00bb0px\u00a0\u00bb text_text_shadow_blur_strength_tablet=\u00a0\u00bb1px\u00a0\u00bb link_text_shadow_horizontal_length_tablet=\u00a0\u00bb0px\u00a0\u00bb link_text_shadow_vertical_length_tablet=\u00a0\u00bb0px\u00a0\u00bb link_text_shadow_blur_strength_tablet=\u00a0\u00bb1px\u00a0\u00bb ul_text_shadow_horizontal_length_tablet=\u00a0\u00bb0px\u00a0\u00bb ul_text_shadow_vertical_length_tablet=\u00a0\u00bb0px\u00a0\u00bb ul_text_shadow_blur_strength_tablet=\u00a0\u00bb1px\u00a0\u00bb ol_text_shadow_horizontal_length_tablet=\u00a0\u00bb0px\u00a0\u00bb ol_text_shadow_vertical_length_tablet=\u00a0\u00bb0px\u00a0\u00bb ol_text_shadow_blur_strength_tablet=\u00a0\u00bb1px\u00a0\u00bb quote_text_shadow_horizontal_length_tablet=\u00a0\u00bb0px\u00a0\u00bb quote_text_shadow_vertical_length_tablet=\u00a0\u00bb0px\u00a0\u00bb quote_text_shadow_blur_strength_tablet=\u00a0\u00bb1px\u00a0\u00bb header_text_shadow_horizontal_length_tablet=\u00a0\u00bb0px\u00a0\u00bb header_text_shadow_vertical_length_tablet=\u00a0\u00bb0px\u00a0\u00bb header_text_shadow_blur_strength_tablet=\u00a0\u00bb1px\u00a0\u00bb header_2_text_shadow_horizontal_length_tablet=\u00a0\u00bb0px\u00a0\u00bb header_2_text_shadow_vertical_length_tablet=\u00a0\u00bb0px\u00a0\u00bb header_2_text_shadow_blur_strength_tablet=\u00a0\u00bb1px\u00a0\u00bb header_3_text_shadow_horizontal_length_tablet=\u00a0\u00bb0px\u00a0\u00bb header_3_text_shadow_vertical_length_tablet=\u00a0\u00bb0px\u00a0\u00bb header_3_text_shadow_blur_strength_tablet=\u00a0\u00bb1px\u00a0\u00bb header_4_text_shadow_horizontal_length_tablet=\u00a0\u00bb0px\u00a0\u00bb header_4_text_shadow_vertical_length_tablet=\u00a0\u00bb0px\u00a0\u00bb header_4_text_shadow_blur_strength_tablet=\u00a0\u00bb1px\u00a0\u00bb header_5_text_shadow_horizontal_length_tablet=\u00a0\u00bb0px\u00a0\u00bb header_5_text_shadow_vertical_length_tablet=\u00a0\u00bb0px\u00a0\u00bb header_5_text_shadow_blur_strength_tablet=\u00a0\u00bb1px\u00a0\u00bb header_6_text_shadow_horizontal_length_tablet=\u00a0\u00bb0px\u00a0\u00bb header_6_text_shadow_vertical_length_tablet=\u00a0\u00bb0px\u00a0\u00bb header_6_text_shadow_blur_strength_tablet=\u00a0\u00bb1px\u00a0\u00bb box_shadow_horizontal_tablet=\u00a0\u00bb0px\u00a0\u00bb box_shadow_vertical_tablet=\u00a0\u00bb0px\u00a0\u00bb box_shadow_blur_tablet=\u00a0\u00bb40px\u00a0\u00bb box_shadow_spread_tablet=\u00a0\u00bb0px\u00a0\u00bb global_colors_info=\u00a0\u00bb{}\u00a0\u00bb sticky_enabled=\u00a0\u00bb0&Prime;]<\/p>\n<h1>La Chouette de Tengmalm<\/h1>\n<p><em>Aegolius funereus<\/em><\/p>\n<h4><strong>La petite chouette aux yeux d&rsquo;or<\/strong><\/h4>\n<div id=\"attachment_142\" style=\"width: 410px\" class=\"wp-caption alignright\"><img loading=\"lazy\" decoding=\"async\" aria-describedby=\"caption-attachment-142\" class=\"wp-image-142 size-full\" src=\"\/wp-content\/uploads\/2017\/08\/af_cavite.jpg\" alt=\"Femelle de Chouette de Tengmalm au trou de vol de sa cavit\u00e9.\" width=\"400\" height=\"266\" srcset=\"https:\/\/chouette-gobe.ch\/wp-content\/uploads\/2017\/08\/af_cavite.jpg 400w, https:\/\/chouette-gobe.ch\/wp-content\/uploads\/2017\/08\/af_cavite-300x200.jpg 300w\" sizes=\"(max-width: 400px) 100vw, 400px\" \/><p id=\"caption-attachment-142\" class=\"wp-caption-text\">Femelle de Chouette de Tengmalm au trou de vol de sa cavit\u00e9.<\/p><\/div>\n<p>Quel ornithologue n&rsquo;a-t-il pas \u00e9t\u00e9 s\u00e9duit et \u00e9merveill\u00e9 par le visage de cette petite chouette apparaissant brusquement \u00e0 la cavit\u00e9 lorsque l&rsquo;on gratte le pied de l&rsquo;arbre. Les deux yeux jaunes fixant alors l&rsquo;intrus lui laissent un souvenir imp\u00e9rissable. La Chouette de Tengmalm a \u00e9t\u00e9 d\u00e9couverte entre 1970 et 1975 dans la partie nord du canton de Vaud. Depuis 1985, elle fait l&rsquo;objet d&rsquo;un suivi r\u00e9gulier dans cette r\u00e9gion.<\/p>\n<h4>But et secteur d&rsquo;\u00e9tude<\/h4>\n<p>Le but g\u00e9n\u00e9ral du travail est de pr\u00e9ciser, par un suivi \u00e0 long terme, les principaux param\u00e8tres intervenant dans la biologie de la Chouette de Tengmalm. Cela suppose essentiellement le rep\u00e9rage des nids, la relation entre la structure et le traitement forestiers et la pr\u00e9sence de l&rsquo;esp\u00e8ce, l&rsquo;\u00e9tude des principaux param\u00e8tres de la nidification, le baguage des jeunes, la capture, le baguage et le contr\u00f4le des adultes nicheurs et l&rsquo;analyse du r\u00e9gime alimentaire. Notre secteur d&rsquo;\u00e9tude compte environ 150 km2, dont les deux tiers sont en Suisse et le reste dans le d\u00e9partement du Doubs en France. Le centre de ce secteur est situ\u00e9 pr\u00e8s de Sainte-Croix VD (46\u00b049 N, 06\u00b030 E).<\/p>\n<h4>M\u00e9thodes de travail<\/h4>\n<div id=\"attachment_143\" style=\"width: 239px\" class=\"wp-caption alignleft\"><img loading=\"lazy\" decoding=\"async\" aria-describedby=\"caption-attachment-143\" class=\"wp-image-143 size-full\" src=\"\/wp-content\/uploads\/2017\/08\/ameli_cavite.jpg\" alt=\"Contr\u00f4le d'une cavit\u00e9\" width=\"229\" height=\"305\" srcset=\"https:\/\/chouette-gobe.ch\/wp-content\/uploads\/2017\/08\/ameli_cavite.jpg 229w, https:\/\/chouette-gobe.ch\/wp-content\/uploads\/2017\/08\/ameli_cavite-225x300.jpg 225w\" sizes=\"(max-width: 229px) 100vw, 229px\" \/><p id=\"caption-attachment-143\" class=\"wp-caption-text\">Contr\u00f4le d&rsquo;une cavit\u00e9<\/p><\/div>\n<p>Les rep\u00e9rages de chanteurs se font \u00e0 skis de fond, en raquettes ou \u00e0 pied d\u00e8s le mois de f\u00e9vrier, en janvier d\u00e9j\u00e0 lors d&rsquo;hivers particuli\u00e8rement doux. Les contr\u00f4les de cavit\u00e9s, dont les arbres porteurs sont marqu\u00e9s afin de les soustraire \u00e0 l&rsquo;abattage, sont effectu\u00e9s d\u00e8s le mois de mars et \u00e0 partir de fin avril &#8211; d\u00e9but mai. De plus, 80 nichoirs sont contr\u00f4l\u00e9s au moins une fois dans la saison, afin d&rsquo;en d\u00e9terminer le contenu. Les femelles au nid sont captur\u00e9es en principe sur leurs jeunes, \u00e0 l&rsquo;aide d&rsquo;une filoche sp\u00e9cialement mise au point \u00e0 cet effet et marqu\u00e9es ou contr\u00f4l\u00e9es.<\/p>\n<p>Au moment du baguage, pour les jeunes comme pour les adultes, nous mesurons la longueur de l&rsquo;aile pli\u00e9e, celle de la troisi\u00e8me r\u00e9mige primaire. Le poids est d\u00e9termin\u00e9 de m\u00eame que, pour les adultes, depuis 1989 le mode de renouvellement des r\u00e9miges, qui permet de les s\u00e9parer en 3 cat\u00e9gories d&rsquo;\u00e2ge (1an, 2 ans, 3 ans et plus). Nous notons encore le contenu du nichoir (nombre d&rsquo;oeufs, de jeunes et de proies avec d\u00e9termination de celles-ci). Les jeunes ne sont bagu\u00e9s que vers 25 jours et nous tentons la capture des m\u00e2les en nichoir, en installant un pi\u00e8ge ou un haut-filet devant le trou de vol. Apr\u00e8s la nidification, le contenu du nichoir est pr\u00e9lev\u00e9, afin d&rsquo;analyser en d\u00e9tail et de d\u00e9terminer les restes de proies qui s&rsquo;y trouvent.<\/p>\n<p>Si vous voulez en savoir plus sur cette esp\u00e8ce, une fiche d\u00e9taill\u00e9e est t\u00e9l\u00e9chargeable:<a href=\"\/wp-content\/uploads\/2017\/08\/Af_details.pdf\"><img loading=\"lazy\" decoding=\"async\" class=\"alignnone\" src=\"\/wp-content\/uploads\/2017\/08\/pdf.gif\" alt=\"\" width=\"26\" height=\"27\" \/><\/a><\/p>\n<h3>\u00a0<\/h3>\n<h3>Travaux publi\u00e9s:<\/h3>\n<p>Pour acc\u00e9der aux <a href=\"\/?page_id=202#tengmalm202\">rapports d&rsquo;activit\u00e9s annuels.<\/a><\/p>\n<p><strong>Ravussin, P.-A., L.-F. De Alencastro, B. Humbert, D. Rossel et J. Tarradellas (1990)<\/strong> : Contamination des oeufs de la Chouette de Tengmalm\u00a0<em>Aegolius funereus<\/em>\u00a0du Jura vaudois par les m\u00e9taux lourds et les organochlor\u00e9s. Nos Oiseaux, 40 : 257-266.<\/p>\n<p><strong>Ravussin, P.-A. (1991)<\/strong>: Un d\u00e9placement exceptionnel chez une Chouette de Tengmalm\u00a0<em>Aegolius funereus<\/em>. Nos Oiseaux, 41 : 114-115.<\/p>\n<p><strong>Ravussin, P.-A. (1991)<\/strong>: Biologie de reproduction de la Chouette de Tengmalm,\u00a0<em>Aegolius funereus<\/em>\u00a0dans le Jura vaudois (Suisse). Actes du XXXe colloque interr\u00e9gional d&rsquo;ornithologie. Porrentruy . Nos Oiseaux.<\/p>\n<p><strong>Ravussin, P.-A., (1991)<\/strong>: Ein Leben wie in Sibirien. Ornis 1\/91, 29-31.<\/p>\n<p><strong>Ravussin, P.-A., D. Trolliet, L. Willenegger et D. B\u00e9guin (1993)<\/strong>: Observations sur les fluctuations d&rsquo;une population de Chouettes de Tengmalm\u00a0<em>Aegolius funereus<\/em>\u00a0dans le Jura vaudois (Suisse). Nos Oiseaux, 42 : 127-142<\/p>\n<p><strong>Ravussin, P.-A., P. Walder, P. Henrioux, V. Chabloz et Y. Men\u00e9trey (1994)<\/strong>: R\u00e9partition de la Chouette de Tengmalm\u00a0<em>Aegolius funereus<\/em>\u00a0dans les sites naturels du Jura vaudois (Suisse). Nos Oiseaux, 42 : 245-260.<\/p>\n<p><strong>Ravussin, P.-A., D. Trolliet, L. Willenegger, D. B\u00e9guin et G. Matalon (2001)<\/strong>: Choix du site de nidification chez la Chouette de Tengmalm\u00a0<em>Aegolius funereus<\/em>\u00a0: influence des nichoirs. Actes du 39e Colloque interr\u00e9gional d?ornithologie.<br \/>Nos Oiseaux, suppl. 5, pp.41-51.<a href=\"\/wp-content\/uploads\/2017\/08\/site_nid_af.pdf\"><img decoding=\"async\" src=\"\/wp-content\/uploads\/2017\/08\/pdf.gif\" width=\"20px\" \/><\/a><\/p>\n<p><strong>Ravussin, P.-A., D. Trolliet, D. B\u00e9guin, L. Willenegger et G. Matalon (2001)<\/strong>: Observations et remarques sur la biologie de la Chouette de Tengmalm\u00a0<em>Aegolius funereus<\/em>\u00a0dans le massif du Jura suite \u00e0 l&rsquo;invasion du printemps 2000.<br \/>Nos Oiseaux 48 : 235-246<a href=\"\/wp-content\/uploads\/2017\/08\/art_af_2000.pdf\"><img decoding=\"async\" src=\"\/wp-content\/uploads\/2017\/08\/pdf.gif\" width=\"20px\" \/><\/a><\/p>\n<p><strong>Ravussin, P.-A., (2004)<\/strong>: Kleine Eule mit grossen Geheimnissen.<br \/>Ornis 2\/04. 16-19.<a href=\"\/wp-content\/uploads\/2017\/08\/ornis1.pdf\"><img decoding=\"async\" src=\"\/wp-content\/uploads\/2017\/08\/pdf.gif\" width=\"20px\" \/><\/a><\/p>\n<p><strong>Ravussin, P.-A., Trolliet D., Daenzer C., Longchamp L., Romailler K., M\u00e9traux V. (2015)<\/strong>: Quel avenir pour la Chouette de Tengmalm dans le massif du Jura. Bilan de trente ann\u00e9es de suivi.<br \/>Nos Oiseaux, 62. 5-28.<a href=\"\/wp-content\/uploads\/2017\/08\/Ravussin_et_al_2015.pdf\"><img decoding=\"async\" src=\"\/wp-content\/uploads\/2017\/08\/pdf.gif\" width=\"20px\" \/><\/a><\/p>\n<p><strong>Ravussin, P.-A., Henrioux, P., Henrioux, F., Trolliet, D., Longchamp, L., Morel, J., Beaud, M. (2016)<\/strong>: R\u00e9gime alimentaire de la Chouette de Tengmalm\u00a0<em>Aegolius funereus<\/em>\u00a0dans le massif du Jura.<br \/>Nos Oiseaux, 63. 215-226.<a href=\"\/wp-content\/uploads\/2017\/08\/Ravussin_et_al_2016.pdf\"><img loading=\"lazy\" decoding=\"async\" class=\"alignnone\" src=\"\/wp-content\/uploads\/2017\/08\/pdf.gif\" alt=\"\" width=\"24\" height=\"24\" \/><\/a><\/p>\n<p>[\/et_pb_text][\/et_pb_column][\/et_pb_row][\/et_pb_section]<\/p>\n","protected":false},"excerpt":{"rendered":"<p>La Chouette de Tengmalm Aegolius funereus La petite chouette aux yeux d&rsquo;or Quel ornithologue n&rsquo;a-t-il pas \u00e9t\u00e9 s\u00e9duit et \u00e9merveill\u00e9 par le visage de cette petite chouette apparaissant brusquement \u00e0 la cavit\u00e9 lorsque l&rsquo;on gratte le pied de l&rsquo;arbre. Les deux yeux jaunes fixant alors l&rsquo;intrus lui laissent un souvenir imp\u00e9rissable. La Chouette de Tengmalm [&hellip;]<\/p>\n","protected":false},"author":1,"featured_media":0,"parent":0,"menu_order":0,"comment_status":"closed","ping_status":"closed","template":"","meta":{"_et_pb_use_builder":"on","_et_pb_old_content":"<h4><strong>La petite chouette aux yeux d'or<\/strong><\/h4>[caption id=\"attachment_142\" align=\"alignright\" width=\"400\"]<img class=\"wp-image-142 size-full\" src=\"http:\/\/gobe.rompat.ch\/wp-content\/uploads\/2017\/08\/af_cavite.jpg\" alt=\"Femelle de Chouette de Tengmalm au trou de vol de sa cavit\u00e9.\" width=\"400\" height=\"266\"> Femelle de Chouette de Tengmalm au trou de vol de sa cavit\u00e9.[\/caption]<p>Quel ornithologue n'a-t-il pas \u00e9t\u00e9 s\u00e9duit et \u00e9merveill\u00e9 par le visage de cette petite chouette apparaissant brusquement \u00e0 la cavit\u00e9 lorsque l'on gratte le pied de l'arbre. Les deux yeux jaunes fixant alors l'intrus lui laissent un souvenir imp\u00e9rissable. La Chouette de Tengmalm a \u00e9t\u00e9 d\u00e9couverte entre 1970 et 1975 dans la partie nord du canton de Vaud. Depuis 1985, elle fait l'objet d'un suivi r\u00e9gulier dans cette r\u00e9gion.<\/p><h4>But et secteur d'\u00e9tude<\/h4><p>Le but g\u00e9n\u00e9ral du travail est de pr\u00e9ciser, par un suivi \u00e0 long terme, les principaux param\u00e8tres intervenant dans la biologie de la Chouette de Tengmalm. Cela suppose essentiellement le rep\u00e9rage des nids, la relation entre la structure et le traitement forestiers et la pr\u00e9sence de l'esp\u00e8ce, l'\u00e9tude des principaux param\u00e8tres de la nidification, le baguage des jeunes, la capture, le baguage et le contr\u00f4le des adultes nicheurs et l'analyse du r\u00e9gime alimentaire. Notre secteur d'\u00e9tude compte environ 150 km2, dont les deux tiers sont en Suisse et le reste dans le d\u00e9partement du Doubs en France. Le centre de ce secteur est situ\u00e9 pr\u00e8s de Sainte-Croix VD (46\u00b049 N, 06\u00b030 E).<\/p><h4>M\u00e9thodes de travail<\/h4>[caption id=\"attachment_143\" align=\"alignleft\" width=\"229\"]<img class=\"wp-image-143 size-full\" src=\"http:\/\/gobe.rompat.ch\/wp-content\/uploads\/2017\/08\/ameli_cavite.jpg\" alt=\"Contr\u00f4le d'une cavit\u00e9\" width=\"229\" height=\"305\"> Contr\u00f4le d'une cavit\u00e9[\/caption]<p>Les rep\u00e9rages de chanteurs se font \u00e0 skis de fond, en raquettes ou \u00e0 pied d\u00e8s le mois de f\u00e9vrier, en janvier d\u00e9j\u00e0 lors d'hivers particuli\u00e8rement doux. Les contr\u00f4les de cavit\u00e9s, dont les arbres porteurs sont marqu\u00e9s afin de les soustraire \u00e0 l'abattage, sont effectu\u00e9s d\u00e8s le mois de mars et \u00e0 partir de fin avril - d\u00e9but mai. De plus, 80 nichoirs sont contr\u00f4l\u00e9s au moins une fois dans la saison, afin d'en d\u00e9terminer le contenu. Les femelles au nid sont captur\u00e9es en principe sur leurs jeunes, \u00e0 l'aide d'une filoche sp\u00e9cialement mise au point \u00e0 cet effet et marqu\u00e9es ou contr\u00f4l\u00e9es.<\/p><p>Au moment du baguage, pour les jeunes comme pour les adultes, nous mesurons la longueur de l'aile pli\u00e9e, celle de la troisi\u00e8me r\u00e9mige primaire. Le poids est d\u00e9termin\u00e9 de m\u00eame que, pour les adultes, depuis 1989 le mode de renouvellement des r\u00e9miges, qui permet de les s\u00e9parer en 3 cat\u00e9gories d'\u00e2ge (1an, 2 ans, 3 ans et plus). Nous notons encore le contenu du nichoir (nombre d'oeufs, de jeunes et de proies avec d\u00e9termination de celles-ci). Les jeunes ne sont bagu\u00e9s que vers 25 jours et nous tentons la capture des m\u00e2les en nichoir, en installant un pi\u00e8ge ou un haut-filet devant le trou de vol. Apr\u00e8s la nidification, le contenu du nichoir est pr\u00e9lev\u00e9, afin d'analyser en d\u00e9tail et de d\u00e9terminer les restes de proies qui s'y trouvent.<\/p><p>Si vous voulez en savoir plus sur cette esp\u00e8ce, une fiche d\u00e9taill\u00e9e est t\u00e9l\u00e9chargeable:<a href=\"http:\/\/gobe.rompat.ch\/wp-content\/uploads\/2017\/08\/Af_details.pdf\"><img class=\"alignnone\" src=\"http:\/\/gobe.rompat.ch\/wp-content\/uploads\/2017\/08\/pdf.gif\" alt=\"\" width=\"26\" height=\"27\"><\/a><\/p><h3>\u00a0<\/h3><h3>Travaux publi\u00e9s:<\/h3><p><strong>Ravussin, P.-A., L.-F. De Alencastro, B. Humbert, D. Rossel et J. Tarradellas (1990)<\/strong> : Contamination des oeufs de la Chouette de Tengmalm\u00a0<em>Aegolius funereus<\/em>\u00a0du Jura vaudois par les m\u00e9taux lourds et les organochlor\u00e9s. Nos Oiseaux, 40 : 257-266.<\/p><p><strong>Ravussin, P.-A. (1991)<\/strong>: Un d\u00e9placement exceptionnel chez une Chouette de Tengmalm\u00a0<em>Aegolius funereus<\/em>. Nos Oiseaux, 41 : 114-115.<\/p><p><strong>Ravussin, P.-A. (1991)<\/strong>: Biologie de reproduction de la Chouette de Tengmalm,\u00a0<em>Aegolius funereus<\/em>\u00a0dans le Jura vaudois (Suisse). Actes du XXXe colloque interr\u00e9gional d'ornithologie. Porrentruy . Nos Oiseaux.<\/p><p><strong>Ravussin, P.-A., (1991)<\/strong>: Ein Leben wie in Sibirien. Ornis 1\/91, 29-31.<\/p><p><strong>Ravussin, P.-A., D. Trolliet, L. Willenegger et D. B\u00e9guin (1993)<\/strong>: Observations sur les fluctuations d'une population de Chouettes de Tengmalm\u00a0<em>Aegolius funereus<\/em>\u00a0dans le Jura vaudois (Suisse). Nos Oiseaux, 42 : 127-142<\/p><p><strong>Ravussin, P.-A., P. Walder, P. Henrioux, V. Chabloz et Y. Men\u00e9trey (1994)<\/strong>: R\u00e9partition de la Chouette de Tengmalm\u00a0<em>Aegolius funereus<\/em>\u00a0dans les sites naturels du Jura vaudois (Suisse). Nos Oiseaux, 42 : 245-260.<\/p><p><strong>Ravussin, P.-A., D. Trolliet, L. Willenegger, D. B\u00e9guin et G. Matalon (2001)<\/strong>: Choix du site de nidification chez la Chouette de Tengmalm\u00a0<em>Aegolius funereus<\/em>\u00a0: influence des nichoirs. Actes du 39e Colloque interr\u00e9gional d?ornithologie.<br>Nos Oiseaux, suppl. 5, pp.41-51.<a href=\"http:\/\/gobe.rompat.ch\/wp-content\/uploads\/2017\/08\/site_nid_af.pdf\"><img src=\"http:\/\/gobe.rompat.ch\/wp-content\/uploads\/2017\/08\/pdf.gif\" width=\"20px\"><\/a><\/p><p><strong>Ravussin, P.-A., D. Trolliet, D. B\u00e9guin, L. Willenegger et G. Matalon (2001)<\/strong>: Observations et remarques sur la biologie de la Chouette de Tengmalm\u00a0<em>Aegolius funereus<\/em>\u00a0dans le massif du Jura suite \u00e0 l'invasion du printemps 2000.<br>Nos Oiseaux 48 : 235-246<a href=\"http:\/\/gobe.rompat.ch\/wp-content\/uploads\/2017\/08\/art_af_2000.pdf\"><img src=\"http:\/\/www.chouette-gobe.ch\/images\/pdf.gif\" width=\"20px\"><\/a><\/p><p><strong>Ravussin, P.-A., (2004)<\/strong>: Kleine Eule mit grossen Geheimnissen.<br>Ornis 2\/04. 16-19.<a href=\"http:\/\/gobe.rompat.ch\/wp-content\/uploads\/2017\/08\/ornis1.pdf\"><img src=\"http:\/\/gobe.rompat.ch\/wp-content\/uploads\/2017\/08\/pdf.gif\" width=\"20px\"><\/a><\/p><p><strong>Ravussin, P.-A., Trolliet D., Daenzer C., Longchamp L., Romailler K., M\u00e9traux V. (2015)<\/strong>: Quel avenir pour la Chouette de Tengmalm dans le massif du Jura. Bilan de trente ann\u00e9es de suivi.<br>Nos Oiseaux, 62. 5-28.<a href=\"http:\/\/gobe.rompat.ch\/wp-content\/uploads\/2017\/08\/Ravussin_et_al_2015.pdf\"><img src=\"http:\/\/gobe.rompat.ch\/wp-content\/uploads\/2017\/08\/pdf.gif\" width=\"20px\"><\/a><\/p><div id=\"NosOiseaux2016\">\u00a0<\/div><p><strong>Ravussin, P.-A., Henrioux, P., Henrioux, F., Trolliet, D., Longchamp, L., Morel, J., Beaud, M. (2016)<\/strong>: R\u00e9gime alimentaire de la Chouette de Tengmalm\u00a0<em>Aegolius funereus<\/em>\u00a0dans le massif du Jura.<br>Nos Oiseaux, 63. 215-226.<a href=\"http:\/\/gobe.rompat.ch\/wp-content\/uploads\/2017\/08\/Ravussin_et_al_2016.pdf\"><img src=\"http:\/\/gobe.rompat.ch\/wp-content\/uploads\/2017\/08\/pdf.gif\" width=\"20px\"><\/a><\/p>","_et_gb_content_width":"","footnotes":""},"class_list":["post-117","page","type-page","status-publish","hentry"],"_links":{"self":[{"href":"https:\/\/chouette-gobe.ch\/index.php?rest_route=\/wp\/v2\/pages\/117","targetHints":{"allow":["GET"]}}],"collection":[{"href":"https:\/\/chouette-gobe.ch\/index.php?rest_route=\/wp\/v2\/pages"}],"about":[{"href":"https:\/\/chouette-gobe.ch\/index.php?rest_route=\/wp\/v2\/types\/page"}],"author":[{"embeddable":true,"href":"https:\/\/chouette-gobe.ch\/index.php?rest_route=\/wp\/v2\/users\/1"}],"replies":[{"embeddable":true,"href":"https:\/\/chouette-gobe.ch\/index.php?rest_route=%2Fwp%2Fv2%2Fcomments&post=117"}],"version-history":[{"count":19,"href":"https:\/\/chouette-gobe.ch\/index.php?rest_route=\/wp\/v2\/pages\/117\/revisions"}],"predecessor-version":[{"id":38864,"href":"https:\/\/chouette-gobe.ch\/index.php?rest_route=\/wp\/v2\/pages\/117\/revisions\/38864"}],"wp:attachment":[{"href":"https:\/\/chouette-gobe.ch\/index.php?rest_route=%2Fwp%2Fv2%2Fmedia&parent=117"}],"curies":[{"name":"wp","href":"https:\/\/api.w.org\/{rel}","templated":true}]}}